{"id":14408,"date":"2023-12-28T09:50:35","date_gmt":"2023-12-28T08:50:35","guid":{"rendered":"https:\/\/www.scooter-palace.at\/?page_id=14408"},"modified":"2026-01-23T11:42:47","modified_gmt":"2026-01-23T10:42:47","slug":"ersatzteile","status":"publish","type":"page","link":"https:\/\/www.scooter-palace.at\/?page_id=14408","title":{"rendered":"Ersatzteile"},"content":{"rendered":"\t\t<div data-elementor-type=\"wp-page\" data-elementor-id=\"14408\" class=\"elementor elementor-14408\">\n\t\t\t\t<div class=\"elementor-element elementor-element-f2bea9f e-con-full e-flex e-con e-parent\" data-id=\"f2bea9f\" data-element_type=\"container\" data-e-type=\"container\">\n\t\t\t\t<div class=\"elementor-element elementor-element-c203a1b elementor-widget elementor-widget-heading\" data-id=\"c203a1b\" data-element_type=\"widget\" data-e-type=\"widget\" data-widget_type=\"heading.default\">\n\t\t\t\t<div class=\"elementor-widget-container\">\n\t\t\t\t\t<h2 class=\"elementor-heading-title elementor-size-default\">Ersatzteileverkauf f\u00fcr viele g\u00e4ngige 2-Rad Marken <\/h2>\t\t\t\t<\/div>\n\t\t\t\t<\/div>\n\t\t\t\t<\/div>\n\t\t<div class=\"elementor-element elementor-element-d839b3d e-con-full e-flex e-con e-parent\" data-id=\"d839b3d\" data-element_type=\"container\" data-e-type=\"container\">\n\t\t<div class=\"elementor-element elementor-element-96a6016 e-con-full e-flex e-con e-child\" data-id=\"96a6016\" data-element_type=\"container\" data-e-type=\"container\">\n\t\t\t\t<div class=\"elementor-element elementor-element-6b9b74c elementor-widget elementor-widget-image\" data-id=\"6b9b74c\" data-element_type=\"widget\" data-e-type=\"widget\" data-widget_type=\"image.default\">\n\t\t\t\t<div class=\"elementor-widget-container\">\n\t\t\t\t\t\t\t\t\t\t\t\t\t\t\t<img fetchpriority=\"high\" decoding=\"async\" width=\"1024\" height=\"1024\" src=\"https:\/\/www.scooter-palace.at\/wp-content\/uploads\/2023\/11\/IMG_1227-1024x1024.jpg\" class=\"attachment-large size-large wp-image-13129\" alt=\"\" srcset=\"https:\/\/www.scooter-palace.at\/wp-content\/uploads\/2023\/11\/IMG_1227-1024x1024.jpg 1024w, https:\/\/www.scooter-palace.at\/wp-content\/uploads\/2023\/11\/IMG_1227-300x300.jpg 300w, https:\/\/www.scooter-palace.at\/wp-content\/uploads\/2023\/11\/IMG_1227-150x150.jpg 150w, https:\/\/www.scooter-palace.at\/wp-content\/uploads\/2023\/11\/IMG_1227-768x768.jpg 768w, https:\/\/www.scooter-palace.at\/wp-content\/uploads\/2023\/11\/IMG_1227-450x450.jpg 450w, https:\/\/www.scooter-palace.at\/wp-content\/uploads\/2023\/11\/IMG_1227-106x106.jpg 106w, https:\/\/www.scooter-palace.at\/wp-content\/uploads\/2023\/11\/IMG_1227-560x560.jpg 560w, https:\/\/www.scooter-palace.at\/wp-content\/uploads\/2023\/11\/IMG_1227-70x70.jpg 70w, https:\/\/www.scooter-palace.at\/wp-content\/uploads\/2023\/11\/IMG_1227-100x100.jpg 100w\" sizes=\"(max-width: 1024px) 100vw, 1024px\" \/>\t\t\t\t\t\t\t\t\t\t\t\t\t\t\t<\/div>\n\t\t\t\t<\/div>\n\t\t\t\t<\/div>\n\t\t\t\t<div class=\"elementor-element elementor-element-c5923cb elementor-widget elementor-widget-text-editor\" data-id=\"c5923cb\" data-element_type=\"widget\" data-e-type=\"widget\" data-widget_type=\"text-editor.default\">\n\t\t\t\t<div class=\"elementor-widget-container\">\n\t\t\t\t\t\t\t\t\t<p><strong>Alle Original Ersatzteile<\/strong> f\u00fcr die Marken<strong> Rieju, Kymco, Voge und Baotian<\/strong><strong>\u00a0<\/strong>sind nat\u00fcrlich\u00a0 direkt bei uns zu beziehen!<\/p><p>Senden sie uns daf\u00fcr den <strong>Zulassungsschein<\/strong> und die <strong>gew\u00fcnschten Ersatzteile<\/strong> an folgende Mail Adresse:\u00a0 \u00a0<strong><a href=\"mailto:office@scooter-palace.at\">office@scooter-palace.at<\/a><\/strong><\/p><p>Sie erhalten ehest m\u00f6glich eine Nachricht von uns \ud83d\ude42<\/p><p>Wir sind auch Vertriebspartner der Fa. Scooter Tech<\/p><p>Folgen Sie der Webseite <strong><a href=\"https:\/\/scootertech.at\/\">www.scooter-tech.at<\/a> hier k\u00f6nnen Sie auch f\u00fcr andere Marken Ersatzteile finden die sie ben\u00f6tigen!\u00a0\u00a0<\/strong><\/p><p>Senden sie uns einfach die <strong>Artikelnummer<\/strong> und bestellen sie bei uns die gew\u00fcnschten Artikel!\u00a0<\/p><p><strong>Bequem bei uns im Shop abholen.\u00a0\u00a0<\/strong><\/p><p>Oder wir Senden Ihnen auch gerne die Artikel zu! Bezahlung per Vorkasse!\u00a0<\/p><p><strong>\u00a0Unsere Mailadresse lautet<\/strong> <strong><a href=\"mailto:office@scooter-palace.at\">office@scooter-palace.at<\/a><\/strong><\/p>\t\t\t\t\t\t\t\t<\/div>\n\t\t\t\t<\/div>\n\t\t<div class=\"elementor-element elementor-element-9f4a93a e-con-full e-flex e-con e-child\" data-id=\"9f4a93a\" data-element_type=\"container\" data-e-type=\"container\">\n\t\t\t\t<div class=\"elementor-element elementor-element-c8bb2db elementor-widget elementor-widget-image\" data-id=\"c8bb2db\" data-element_type=\"widget\" data-e-type=\"widget\" data-widget_type=\"image.default\">\n\t\t\t\t<div class=\"elementor-widget-container\">\n\t\t\t\t\t\t\t\t\t\t\t\t\t\t\t<img decoding=\"async\" width=\"1024\" height=\"1024\" src=\"https:\/\/www.scooter-palace.at\/wp-content\/uploads\/2023\/12\/IMG_1226-1024x1024.jpg\" class=\"attachment-large size-large wp-image-14412\" alt=\"\" srcset=\"https:\/\/www.scooter-palace.at\/wp-content\/uploads\/2023\/12\/IMG_1226-1024x1024.jpg 1024w, https:\/\/www.scooter-palace.at\/wp-content\/uploads\/2023\/12\/IMG_1226-300x300.jpg 300w, https:\/\/www.scooter-palace.at\/wp-content\/uploads\/2023\/12\/IMG_1226-150x150.jpg 150w, https:\/\/www.scooter-palace.at\/wp-content\/uploads\/2023\/12\/IMG_1226-768x768.jpg 768w, https:\/\/www.scooter-palace.at\/wp-content\/uploads\/2023\/12\/IMG_1226-450x450.jpg 450w, https:\/\/www.scooter-palace.at\/wp-content\/uploads\/2023\/12\/IMG_1226-106x106.jpg 106w, https:\/\/www.scooter-palace.at\/wp-content\/uploads\/2023\/12\/IMG_1226-560x560.jpg 560w, https:\/\/www.scooter-palace.at\/wp-content\/uploads\/2023\/12\/IMG_1226-70x70.jpg 70w, https:\/\/www.scooter-palace.at\/wp-content\/uploads\/2023\/12\/IMG_1226-100x100.jpg 100w, https:\/\/www.scooter-palace.at\/wp-content\/uploads\/2023\/12\/elementor\/thumbs\/IMG_1226-scaled-qhgwlfq6c6hk2iz0cr7a69y7xr9l6l3tsk4pjojz1k.jpg 900w\" sizes=\"(max-width: 1024px) 100vw, 1024px\" \/>\t\t\t\t\t\t\t\t\t\t\t\t\t\t\t<\/div>\n\t\t\t\t<\/div>\n\t\t\t\t<\/div>\n\t\t\t\t<\/div>\n\t\t\t\t<\/div>\n\t\t","protected":false},"excerpt":{"rendered":"<p>Ersatzteileverkauf f\u00fcr viele g\u00e4ngige 2-Rad Marken Alle Original Ersatzteile f\u00fcr die Marken Rieju, Kymco, Voge und Baotian\u00a0sind nat\u00fcrlich\u00a0 direkt bei uns zu beziehen! Senden sie uns daf\u00fcr den Zulassungsschein und die gew\u00fcnschten Ersatzteile an folgende Mail Adresse:\u00a0 \u00a0office@scooter-palace.at Sie erhalten ehest m\u00f6glich eine Nachricht von uns \ud83d\ude42 Wir sind auch Vertriebspartner der Fa. Scooter Tech [&hellip;]<\/p>\n","protected":false},"author":1,"featured_media":0,"parent":0,"menu_order":0,"comment_status":"closed","ping_status":"closed","template":"","meta":{"footnotes":""},"class_list":["post-14408","page","type-page","status-publish","hentry"],"_links":{"self":[{"href":"https:\/\/www.scooter-palace.at\/index.php?rest_route=\/wp\/v2\/pages\/14408","targetHints":{"allow":["GET"]}}],"collection":[{"href":"https:\/\/www.scooter-palace.at\/index.php?rest_route=\/wp\/v2\/pages"}],"about":[{"href":"https:\/\/www.scooter-palace.at\/index.php?rest_route=\/wp\/v2\/types\/page"}],"author":[{"embeddable":true,"href":"https:\/\/www.scooter-palace.at\/index.php?rest_route=\/wp\/v2\/users\/1"}],"replies":[{"embeddable":true,"href":"https:\/\/www.scooter-palace.at\/index.php?rest_route=%2Fwp%2Fv2%2Fcomments&post=14408"}],"version-history":[{"count":118,"href":"https:\/\/www.scooter-palace.at\/index.php?rest_route=\/wp\/v2\/pages\/14408\/revisions"}],"predecessor-version":[{"id":15444,"href":"https:\/\/www.scooter-palace.at\/index.php?rest_route=\/wp\/v2\/pages\/14408\/revisions\/15444"}],"wp:attachment":[{"href":"https:\/\/www.scooter-palace.at\/index.php?rest_route=%2Fwp%2Fv2%2Fmedia&parent=14408"}],"curies":[{"name":"wp","href":"https:\/\/api.w.org\/{rel}","templated":true}]}}