{"id":3,"date":"2023-09-25T14:40:50","date_gmt":"2023-09-25T14:40:50","guid":{"rendered":"https:\/\/2023.scooter-palace.at\/?page_id=3"},"modified":"2023-11-06T17:56:27","modified_gmt":"2023-11-06T16:56:27","slug":"privacy-policy","status":"publish","type":"page","link":"https:\/\/www.scooter-palace.at\/?page_id=3","title":{"rendered":"Impressum"},"content":{"rendered":"\t\t<div data-elementor-type=\"wp-page\" data-elementor-id=\"3\" class=\"elementor elementor-3\">\n\t\t\t\t<div class=\"elementor-element elementor-element-30880bc8 e-flex e-con-boxed e-con e-parent\" data-id=\"30880bc8\" data-element_type=\"container\" data-e-type=\"container\">\n\t\t\t\t\t<div class=\"e-con-inner\">\n\t\t\t\t<div class=\"elementor-element elementor-element-a48e7ff elementor-widget elementor-widget-text-editor\" data-id=\"a48e7ff\" data-element_type=\"widget\" data-e-type=\"widget\" data-widget_type=\"text-editor.default\">\n\t\t\t\t<div class=\"elementor-widget-container\">\n\t\t\t\t\t\t\t\t\t\n<p><strong>Das Unternehmen<\/strong><\/p>\n\n<p><strong>Scooter-Palace.at<\/strong><br \/>Inh. Christian Aicher<\/p>\n\n<p>Adresse: 4800 Attnang Puchheim, Wienerstrasse 5<br \/>Telefon:\u00a00699 \/ 10978014<\/p>\n\n<p>e-mail:\u00a0<a href=\"mailto:office@kfz-aicher.at\">office@kfz-aicher.at<\/a><br \/>Internet: http:\/\/www.kfz-aicher.at oder http:\/\/www.scooter-palace.at<\/p>\n\n<p>UID: ATU-57039555<\/p>\n\n<p>Mitglied der Kammer der gewerblichen Wirtschaft \u00d6sterreich\/Ober\u00f6sterreich<\/p>\n\n<figure class=\"wp-block-image\"><a href=\"http:\/\/firmena-z.wko.at\/ecg.asp?MGID=CFF4C38C18207313EEF7C2E917FC3869\" target=\"_blank\" rel=\"noreferrer noopener\"><img decoding=\"async\" src=\"http:\/\/images.wko.at\/common\/icons\/ecg.gif\" alt=\"\" \/><\/a><\/figure>\n\n<p>Eingetragen im\u00a0<a href=\"http:\/\/www.firma.at\/\" target=\"_blank\" rel=\"noreferrer noopener\">Firmenindex \u00d6sterreich<\/a><\/p>\n\n<p><strong>KFZ-Aicher freut sich \u00fcber Ihren Besuch auf dieser Website und Ihr Interesse am von uns gepflegten Brauchtum. Bitte beachten Sie auch nachstehende rechtliche Hinweise.<\/strong><\/p>\n\n<p><strong>Copyright<\/strong><br \/>Alle Rechte vorbehalten. Text, Bilder, Grafiken, Sound, Animationen und Videos sowie deren Anordnung auf den Websites unterliegen dem Schutz des Urheberrechts und anderer Schutzgesetze. Der Inhalt dieser Websites darf nicht zu kommerziellen Zwecken kopiert, verbreitet, ver\u00e4ndert oder Dritten zug\u00e4nglich gemacht werden.<\/p>\n\n<p><strong>Keine Garantie<\/strong><br \/>Diese Website wurde mit gr\u00f6\u00dftm\u00f6glicher Sorgfalt zusammengestellt. Trotzdem kann KFZ-Aicher f\u00fcr die Fehlerfreiheit und Genauigkeit der enthaltenen Informationen nicht garantieren.<\/p>\n\n<p><strong>Haftungsausschlu\u00df<\/strong><br \/>KFZ-Aicher schlie\u00dft jegliche Haftung f\u00fcr Sch\u00e4den, die direkt oder indirekt aus der Benutzung dieser Website entstehen, aus.<\/p>\n\n<p><strong>Wichtiger Hinweis zu allen Links:<\/strong><br \/>Verschiedene Gerichte haben in der Vergangenheit entschieden, dass die Anbringung eines Links dazu f\u00fchren kann, da\u00df der Verlinkende die Inhalte der Seite, auf die er verlinkt, ggf. mit zu verantworten hat, es sei denn, er schlie\u00dft diese Verantwortung ausdr\u00fccklich aus: Auch wenn wir gro\u00dfe Sorgfalt darauf verwenden, Ihnen qualitativ gute Links anzubieten, erkl\u00e4ren wir hiermit, dass wir f\u00fcr die Inhalte der verlinkten Sites keine Verantwortung \u00fcbernehmen und uns diese nicht zu eigen machen.<br \/>Diese Erkl\u00e4rung gilt f\u00fcr alle auf dieser Website angebrachten Links. In keinem Fall sind wir zudem verantwortlich f\u00fcr die Inhalte von Internetseiten, die auf uns verweisen. Wir sind auch nicht in der Lage, Verweise auf uns festzustellen oder zu \u00fcberpr\u00fcfen. Wir haben ferner keinen Einflu\u00df darauf, wie die hier angebotenen Informationen vom Nutzer verwendet, weitergegeben oder ver\u00e4ndert weitergegeben werden und k\u00f6nnen daher f\u00fcr entstandene Sch\u00e4den, entgangene Vorteile oder sonstige mittelbare oder unmittelbare Folgen, welche aus der Nutzung der hier angebotenen Informationen entstehen, nicht haftbar gemacht werden.<\/p>\n\n<p>Wir danken f\u00fcr Ihr Verst\u00e4ndnis und freuen uns stets aufs Neue \u00fcber Ihren Besuch.<\/p>\n\t\t\t\t\t\t\t\t<\/div>\n\t\t\t\t<\/div>\n\t\t\t\t\t<\/div>\n\t\t\t\t<\/div>\n\t\t\t\t<\/div>\n\t\t","protected":false},"excerpt":{"rendered":"<p>Das Unternehmen Scooter-Palace.atInh. Christian Aicher Adresse: 4800 Attnang Puchheim, Wienerstrasse 5Telefon:&nbsp;0699 \/ 10978014 e-mail:&nbsp;office@kfz-aicher.atInternet: http:\/\/www.kfz-aicher.at oder http:\/\/www.scooter-palace.at UID: ATU-57039555 Mitglied der Kammer der gewerblichen Wirtschaft \u00d6sterreich\/Ober\u00f6sterreich Eingetragen im&nbsp;Firmenindex \u00d6sterreich KFZ-Aicher freut sich \u00fcber Ihren Besuch auf dieser Website und Ihr Interesse am von uns gepflegten Brauchtum. Bitte beachten Sie auch nachstehende rechtliche Hinweise. CopyrightAlle Rechte [&hellip;]<\/p>\n","protected":false},"author":1,"featured_media":0,"parent":0,"menu_order":0,"comment_status":"closed","ping_status":"open","template":"","meta":{"footnotes":""},"class_list":["post-3","page","type-page","status-publish","hentry"],"_links":{"self":[{"href":"https:\/\/www.scooter-palace.at\/index.php?rest_route=\/wp\/v2\/pages\/3","targetHints":{"allow":["GET"]}}],"collection":[{"href":"https:\/\/www.scooter-palace.at\/index.php?rest_route=\/wp\/v2\/pages"}],"about":[{"href":"https:\/\/www.scooter-palace.at\/index.php?rest_route=\/wp\/v2\/types\/page"}],"author":[{"embeddable":true,"href":"https:\/\/www.scooter-palace.at\/index.php?rest_route=\/wp\/v2\/users\/1"}],"replies":[{"embeddable":true,"href":"https:\/\/www.scooter-palace.at\/index.php?rest_route=%2Fwp%2Fv2%2Fcomments&post=3"}],"version-history":[{"count":9,"href":"https:\/\/www.scooter-palace.at\/index.php?rest_route=\/wp\/v2\/pages\/3\/revisions"}],"predecessor-version":[{"id":13284,"href":"https:\/\/www.scooter-palace.at\/index.php?rest_route=\/wp\/v2\/pages\/3\/revisions\/13284"}],"wp:attachment":[{"href":"https:\/\/www.scooter-palace.at\/index.php?rest_route=%2Fwp%2Fv2%2Fmedia&parent=3"}],"curies":[{"name":"wp","href":"https:\/\/api.w.org\/{rel}","templated":true}]}}