{"id":42,"date":"2023-09-28T14:17:09","date_gmt":"2023-09-28T14:17:09","guid":{"rendered":"https:\/\/2023.scooter-palace.at\/?page_id=42"},"modified":"2026-01-23T11:40:09","modified_gmt":"2026-01-23T10:40:09","slug":"ueber-uns","status":"publish","type":"page","link":"https:\/\/www.scooter-palace.at\/?page_id=42","title":{"rendered":"\u00dcber uns"},"content":{"rendered":"\t\t<div data-elementor-type=\"wp-page\" data-elementor-id=\"42\" class=\"elementor elementor-42\">\n\t\t\t\t<div class=\"elementor-element elementor-element-3d705c09 e-flex e-con-boxed e-con e-parent\" data-id=\"3d705c09\" data-element_type=\"container\" data-e-type=\"container\">\n\t\t\t\t\t<div class=\"e-con-inner\">\n\t\t\t\t<div class=\"elementor-element elementor-element-2436f619 elementor-widget elementor-widget-text-editor\" data-id=\"2436f619\" data-element_type=\"widget\" data-e-type=\"widget\" data-widget_type=\"text-editor.default\">\n\t\t\t\t<div class=\"elementor-widget-container\">\n\t\t\t\t\t\t\t\t\t\n<p>Wir haben uns auf den Verkauf von Neufahrzeugen Spezialisiert.<\/p>\n\n<p>Wir sind Vertriebspartner der Marken Rieju, Kymco und Voge.<\/p>\n\n<p>Firmengr\u00fcndung war im M\u00e4rz 2003.<\/p>\n\n<p>Seit 2008 sind wir im 2 Rad Neufahrzeughandel t\u00e4tig.<\/p>\n\n<p>Scooter-Palace ist der Ideale Partner wenn sie sich eine neue Rieju oder Kymco anschaffen wollen<\/p>\n\n<p>Kommen Sie zu uns zu Scooter-Palace in Attnang-Puchheim, Ober\u00f6sterreich.<\/p>\n\n<p>Inh. Christian Aicher<\/p>\n\n<p>Wienerstra\u00dfe 5<\/p>\n\n<p>4800 Attnang-Puchheim<\/p>\n\n<p>Tel: 0699\/18151564<\/p>\n\n<p>\u00a0<\/p>\n\n<p>\u00a0<\/p>\n\n<p class=\"has-large-font-size\"><mark class=\"has-inline-color has-vivid-red-color\" style=\"background-color: rgba(0, 0, 0, 0);\">WERBUNG:<\/mark><\/p>\n\n<p class=\"has-medium-font-size\">WERKZEUGSHOP FAIR TOOLS<\/p>\n\n<p class=\"has-medium-font-size\"><a href=\"https:\/\/www.fair-tools.at\"><mark class=\"has-inline-color has-vivid-cyan-blue-color\" style=\"background-color: rgba(0, 0, 0, 0);\">www.fair-tools.at<\/mark><\/a><\/p>\n\t\t\t\t\t\t\t\t<\/div>\n\t\t\t\t<\/div>\n\t\t\t\t\t<\/div>\n\t\t\t\t<\/div>\n\t\t<div class=\"elementor-element elementor-element-6634df7 e-flex e-con-boxed e-con e-parent\" data-id=\"6634df7\" data-element_type=\"container\" data-e-type=\"container\">\n\t\t\t\t\t<div class=\"e-con-inner\">\n\t\t\t\t\t<\/div>\n\t\t\t\t<\/div>\n\t\t\t\t<\/div>\n\t\t","protected":false},"excerpt":{"rendered":"<p>Wir haben uns auf den Verkauf von Neufahrzeugen Spezialisiert. Wir sind Vertriebspartner der Marken Rieju, Kymco und Voge. Firmengr\u00fcndung war im M\u00e4rz 2003. Seit 2008 sind wir im 2 Rad Neufahrzeughandel t\u00e4tig. Scooter-Palace ist der Ideale Partner wenn sie sich eine neue Rieju oder Kymco anschaffen wollen Kommen Sie zu uns zu Scooter-Palace in Attnang-Puchheim, [&hellip;]<\/p>\n","protected":false},"author":1,"featured_media":0,"parent":0,"menu_order":0,"comment_status":"closed","ping_status":"closed","template":"","meta":{"footnotes":""},"class_list":["post-42","page","type-page","status-publish","hentry"],"_links":{"self":[{"href":"https:\/\/www.scooter-palace.at\/index.php?rest_route=\/wp\/v2\/pages\/42","targetHints":{"allow":["GET"]}}],"collection":[{"href":"https:\/\/www.scooter-palace.at\/index.php?rest_route=\/wp\/v2\/pages"}],"about":[{"href":"https:\/\/www.scooter-palace.at\/index.php?rest_route=\/wp\/v2\/types\/page"}],"author":[{"embeddable":true,"href":"https:\/\/www.scooter-palace.at\/index.php?rest_route=\/wp\/v2\/users\/1"}],"replies":[{"embeddable":true,"href":"https:\/\/www.scooter-palace.at\/index.php?rest_route=%2Fwp%2Fv2%2Fcomments&post=42"}],"version-history":[{"count":38,"href":"https:\/\/www.scooter-palace.at\/index.php?rest_route=\/wp\/v2\/pages\/42\/revisions"}],"predecessor-version":[{"id":15441,"href":"https:\/\/www.scooter-palace.at\/index.php?rest_route=\/wp\/v2\/pages\/42\/revisions\/15441"}],"wp:attachment":[{"href":"https:\/\/www.scooter-palace.at\/index.php?rest_route=%2Fwp%2Fv2%2Fmedia&parent=42"}],"curies":[{"name":"wp","href":"https:\/\/api.w.org\/{rel}","templated":true}]}}