{"id":431,"date":"2020-06-10T18:18:57","date_gmt":"2020-06-10T18:18:57","guid":{"rendered":"http:\/\/localhost\/context\/?page_id=431"},"modified":"2023-12-21T12:35:20","modified_gmt":"2023-12-21T11:35:20","slug":"portfolio","status":"publish","type":"page","link":"https:\/\/www.scooter-palace.at\/?page_id=431","title":{"rendered":"AGB"},"content":{"rendered":"\t\t<div data-elementor-type=\"wp-page\" data-elementor-id=\"431\" class=\"elementor elementor-431\">\n\t\t\t\t<div class=\"elementor-element elementor-element-dfe0144 e-con-full e-flex e-con e-parent\" data-id=\"dfe0144\" data-element_type=\"container\" data-e-type=\"container\">\n\t\t\t\t<div class=\"elementor-element elementor-element-153a622 elementor-invisible elementor-widget elementor-widget-heading\" data-id=\"153a622\" data-element_type=\"widget\" data-e-type=\"widget\" data-settings=\"{&quot;_animation&quot;:&quot;bounceInDown&quot;,&quot;_animation_delay&quot;:1000}\" data-widget_type=\"heading.default\">\n\t\t\t\t<div class=\"elementor-widget-container\">\n\t\t\t\t\t<h2 class=\"elementor-heading-title elementor-size-xl\">AGB<\/h2>\t\t\t\t<\/div>\n\t\t\t\t<\/div>\n\t\t\t\t<div class=\"elementor-element elementor-element-29a5710 elementor-widget elementor-widget-text-editor\" data-id=\"29a5710\" data-element_type=\"widget\" data-e-type=\"widget\" data-widget_type=\"text-editor.default\">\n\t\t\t\t<div class=\"elementor-widget-container\">\n\t\t\t\t\t\t\t\t\t<p><strong>Allgemeine Gesch\u00e4ftbedingungen&nbsp;und Datenschutzerkl\u00e4rung<\/strong><\/p>\n<p>\u00a7 1 Grundlegende Bestimmungen&nbsp;(1). Die nachstehenden Gesch\u00e4ftsbedingungen gelten f\u00fcr alle Vertr\u00e4ge zwischen&nbsp;<strong>Scooter Palace, Wienerstra\u00dfe 5, 4800 Attnang &#8211; Puchheim, \u00d6sterreich<\/strong>&nbsp;&#8211; nachfolgernder Anbieter genannt &#8211; und dem Kunden, welche \u00fcber die Internetseite&nbsp;<a href=\"http:\/\/www.scooter-palace.at\/\">http:\/\/www.scooter-palace.at<\/a>&nbsp;des Anbieters geschlossen werden. Soweit nicht anders vereinbart, wird der Einbeziehung von eigenen Bedingungen des Kunden widersprochen. (2) Verbraucher im Sinne der nachstehenden Regelungen ist jede nat\u00fcrliche Person, die ein Rechtgesch\u00e4ft zu einem Zwecke abschlie\u00dft, der weder Ihrer gewerblichen noch selbstst\u00e4ndigen beruflichen T\u00e4tigkeit zugerechnet werden kann. Unternehmer ist jede nat\u00fcrliche oder juristische Person oder eine rechtskr\u00e4ftige Personengesellschaft, die bei Abschluss eines Rechtsgesch\u00e4ftes in Aus\u00fcbung Ihrer selbstst\u00e4ndigen beruflichen oder gewerblichen T\u00e4tigkeit handelt. (3) Vertragssprache ist deutsch. Der vollst\u00e4ndige Vertragstext wird beim Anbieter nicht gespeichert. Bei Angebotsanfragen, die z.B. telefonisch, per Email, schriftlich oder \u00fcber ein auf der Internetpr\u00e4senz integrierten Anfrageformular an den Anbieter \u00fcbermittelt werden, erh\u00e4lt der Kunde alle Kaufdaten im Rahmen eines verbindlichen Angebots per Email, welche der Kunde ausdrucken oder elektronisch sichern kann.<\/p>\n<p>\u00a7 2 Vertragsgegenstand, Gegenstand des Vertrages ist der Verkauf von Ersatzteilen. Die Einzelheiten, insbesondere die wesentlichen Merkmale der Ware finden sich in der Artikelbeschreibung und den erg\u00e4nzenden Angaben auf der Internetseite des Anbieters.<\/p>\n<p>\u00a7 3 Zustandekommen des Vertrages&nbsp;(1) Die Produktdarstellungen des Anbieters im Internet sind unverbindlich und kein verbindliches Angebot zum Abschluss eines Vertrages. (2) Der Kunde kann ein verbindliches Kaufangebot (Bestellung) \u00fcber das Online &#8211; Warenkorbsystem abgeben. Dabei werden die zum Kauf beabsichtigten Waren im \u201eWarenkorb&#8221; abgelegt. Nach Aufrufen der Seite \u201ezur Kasse&#8221; und der Eingabe der pers\u00f6nlichen Daten sowie Zahlungs- und Versandbedingungen werden abschlie\u00dfend nochmals alle Bestelldaten auf die Bestell\u00fcbersichtsseite angezeigt. Vor Absenden der Bestellung hat der Kunde die M\u00f6glichkeit, hier s\u00e4mtliche Eingaben nochmals zu \u00fcberpr\u00fcfen, zu \u00e4ndern (auch \u00fcber die Funktion \u201ezur\u00fcck&#8221; des Internetbrowsers) bzw. den Kauf abzubrechen. Mit dem Best\u00e4tigen der AGB\u00b4s sowie Absenden der Bestellung \u00fcber die Schaltfl\u00e4che \u201ejetzt kaufen&#8221; gibt der Kunde ein verbindliches Angebot beim Anbieter ab. Die allgemeinen Gesch\u00e4ftsbedingungen k\u00f6nnen auch direkt im Bestellformular mittels Drucken auf das Button AGB zum Lesen oder auch zum Drucken abgerufen werden. Der Kunde erh\u00e4lt zun\u00e4chst eine automatische Email \u00fcber den Eingang seiner Bestellung, die noch nicht zum Vertragsabschluss f\u00fchrt. Diese automatisierte Email beinhaltet Zahlungseinweisung (Bestellinhalt, Versanddaten, Verwendungszweck, Kontodaten des Anbieters,&#8230;) es werden ausschlie\u00dflich Zahlungen per Vorkasse entgegengenommen. (3) Erst durch Zahlungseingang auf dem Konto des Anbieters, bekommt der Kunde eine Email \u00fcber Zahlungseingang sowie wann die Ware versendet wird. Sollte der Kunde binnen 5 Tagen nach Zahlungseingang beim Anbieter keine Auftragsbest\u00e4tigung oder Mitteilung \u00fcber die Auslieferung bzw. keine Ware erhalten haben, ist er nicht mehr an seine Bestellung gebunden. Gegebenfalls bereits erbrachte Leistungen werden in diesem Fall unverz\u00fcglich zur\u00fcckerstattet. (4) Die Abwicklung der Bestellung und \u00dcbermittlung aller im Zusammenhang mit dem Vertragsabschluss erforderlichen Informationen erfolgt per Email zum Teil automatisiert. Der Kunde hat deshalb sicherzustellen, dass die von ihm beim Anbieter hinterlegte Emailadresse zutreffend ist, der Empfang der Emails technisch sichergestellt und insbesondere nicht durch SPAM-Filter verhindert wird.<\/p>\n<p>\u00a7 4 Preise, Versandkosten&nbsp;(1) die in den jeweiligen Angeboten angef\u00fchrten Preise sowie die Versandkosten stellen Endpreise f\u00fcr Lieferungen innerhalb \u00d6sterreich dar. Sie beinhalten alle Preisbestandteile einschlie\u00dflich alle anfallenden Steuern. (2) Die anfallenden Versandkosten sind nicht im Kaufpreis enthalten. Sie werden im Laufe des Bestellvorganges gesondert ausgewiesen und sind vom Kunden zus\u00e4tzlich zu tragen, soweit nicht die versandkostenfreie Lieferung zugesagt ist. Bei Lieferungen au\u00dferhalb \u00d6sterreich sind die Versandkosten gesondert gegliedert und werden auf Wunsch per Email bekannt gegeben. Auch anfallende Z\u00f6lle, Geb\u00fchren oder Steuern sind vom Kunden zu zahlen, jedoch nicht an den Anbieter, sondern an die dort zust\u00e4ndigen Zoll- bzw. Steuerbeh\u00f6rde. (3) der Kunde erh\u00e4lt eine Rechnung mit ausgewiesener Mehrwertsteuer.<\/p>\n<p>\u00a7 5 Zahlungs- und Versandbedingungen&nbsp;(1) Die Bedingungen f\u00fcr Zahlung und Versand finden sich nochmals bei dem Bestellvorgang auf der Homepage unter Zusammenfassung Ihre Bestellung. (2) Es kann ausschlie\u00dflich per Vorkasse bezahlt werden. (3) Sollte ein vom Kunden bestelltes Produkt wider Erwarten trotz rechtzeitigem Abschluss eines ad\u00e4quaten Deckungsgesch\u00e4ftes aus einem vom Anbieter nicht zu vertretenden Gr\u00fcnden nicht verf\u00fcgbar sein, wird der Kunde unverz\u00fcglich \u00fcber die Nichtverf\u00fcgbarkeit informiert und im Falle des R\u00fccktritts etwa bereits geleistete Zahlungen unverz\u00fcglich erstattet.<\/p>\n<p>\u00a7 6 R\u00fccknahme und Umtausch<strong>,&nbsp;<\/strong>Ersatzteile die von Seiten des K\u00e4ufers fehl bestellt oder f\u00fcr die kein Bedarf mehr besteht, werden nicht zur\u00fcckgenommen. Ausnahme, der Verk\u00e4ufer hat die falschen Artikel geliefert, oder die Ware ist besch\u00e4digt.&nbsp; Der Kunde muss dies jedoch schnellstm\u00f6glich dem Verk\u00e4ufer melden. In diesem Fall steht dem Kunden ein kostenloser Umtausch der Ersatzteile zu.<\/p>\n<p>\u00a7 7 Eigentumsvorbehalt&nbsp; (1) Die Ware bleibt bis zur vollst\u00e4ndigen Zahlung des Kaufpreises Eigentum des Anbieters.<\/p>\n<p>\u00a7 8 Gew\u00e4hrleistung&nbsp;(1) Es gelten die gesetzlichen Vorschriften. (2) Als Verbraucher wird der Kunde gebeten, die Ware bei Lieferung umgehend auf Vollst\u00e4ndigkeit, offensichtliche M\u00e4ngel und Transportsch\u00e4den zu \u00fcberpr\u00fcfen und Beanstandungen dem Anbieter und dem Spediteur schnellstm\u00f6glich mitzuteilen. Kommt der Kunde dem nicht nach, hat dies keine Auswirkungen auf die gesetzlichen Gew\u00e4hrleistungsanspr\u00fcche.<\/p>\n<p>\u00a7 9 Anwendbares Recht<\/p>\n<p>Es gilt das Recht der Bundesrepublik \u00d6sterreich<\/p>\n<p><strong>\u00a7 10 Datenschutz<\/strong><\/p>\n<p>Wir freuen uns \u00fcber Ihr Interesse an unserem Online-Shop. Der Schutz Ihrer Privatsph\u00e4re ist f\u00fcr uns ein sehr wichtiges Anliegen. Nachstehend informieren wir Sie ausf\u00fchrlich \u00fcber die Handhabung mit Ihren Daten.<\/p>\n<p><strong>1. Zugriffsdaten und Hosting<\/strong><\/p>\n<p>Sie k\u00f6nnen unsere Webseiten besuchen, ohne Angaben zu Ihrer Person preiszugeben. Bei jedem Webseitenbesuch speichert der Webserver lediglich automatisch ein sogenanntes Server-Logfile, das z.B. den Namen der angeforderten Datei, Ihre IP-Adresse, Datum und Uhrzeit des Abrufs, \u00fcbertragene Datenmenge und den anfragenden Provider (Zugriffsdaten) beinhaltet und den Abruf aufzeichnet.<\/p>\n<p>Diese Zugriffsdaten werden ausschlie\u00dflich zum Zwecke der Sicherstellung eines reibungsfreien Ablaufs des Betriebs der Seite sowie der Optimierung unseres Angebots ausgewertet. Alle Zugriffsdaten werden sp\u00e4testens sieben Tage nach Ende Ihres Seitenbesuchs gel\u00f6scht.<\/p>\n<p>Hostingdienstleistungen durch einen Drittanbieter<\/p>\n<p>Ein Drittanbieter in unserem Auftrag erbringt f\u00fcr uns die Dienste zum Hosting und zur Darstellung der Webseite. Alle Daten, die im Rahmen der Nutzung dieser Webseite oder in daf\u00fcr vorgesehenen Formularen im Onlineshop wie folgend beschrieben erhoben werden, gelangen auf seinen Servern in Verarbeitung. Eine Verarbeitung auf anderen Servern findet nur unter den hier genannten Bestimmungen statt.<\/p>\n<p>Dieser Dienstleister hat seinen Unternehmenssitz innerhalb eines Landes der Europ\u00e4ischen Union oder des Europ\u00e4ischen Wirtschaftsraums.<\/p>\n<p><strong>2. Datenerhebung und -verwendung zur Vertragsabwicklung und bei Er\u00f6ffnung eines Kundenkontos<\/strong><\/p>\n<p>Wir erfassen personenbezogene Daten, wenn Sie uns diese infolge Ihrer Bestellung, bei einer Kontaktaufnahme mit uns (z.B. per Kontaktformular oder E-Mail) oder bei Er\u00f6ffnung eines Kundenkontos freiwillig bekannt geben.<\/p>\n<p>Pflichtfelder werden als solche gekennzeichnet, da wir in diesen F\u00e4llen die Daten zwingend zur Vertragsabwicklung, bzw. zur Bearbeitung Ihrer Kontaktaufnahme oder Er\u00f6ffnung des Kundenkontos ben\u00f6tigen und Sie ohne deren Angabe die Bestellung und\/ oder die Kontoer\u00f6ffnung nicht abschlie\u00dfen, bzw. die Kontaktaufnahme nicht versenden k\u00f6nnen. Wir verwenden die von Ihnen mitgeteilten Daten zur Vertragsabwicklung und Bearbeitung Ihrer Anfragen.<\/p>\n<p>Pers\u00f6nliche Daten, welche in einem Rechnungsprogramm erfasst werden, sind in einem sicheren Speicher aufbewahrt. Dieser ist nicht online verbunden, und somit vor online Angriffen gesch\u00fctzt.<\/p>\n<p>Nach vollst\u00e4ndiger Abwicklung des Vertrages oder L\u00f6schung Ihres Kundenkontos werden Ihre Daten f\u00fcr die weitere Verarbeitung eingeschr\u00e4nkt und nach Ablauf der steuer- und handelsrechtlichen Aufbewahrungsfristen gel\u00f6scht, sofern Sie nicht ausdr\u00fccklich in eine weitere Nutzung Ihrer Daten eingewilligt haben oder wir uns eine dar\u00fcber hinausgehende Datenverwendung vorbehalten, die gesetzlich gestattet ist und \u00fcber die wir Sie in dieser Erkl\u00e4rung in Kenntnis setzen.<\/p>\n<p>Die L\u00f6schung Ihres Kundenkontos, Ihre Daten aus der Webseitendatenbank sowie aus dem Verrechnungssystem ist jederzeit m\u00f6glich und kann durch eine Nachricht an die unten beschriebene Kontaktm\u00f6glichkeit erwirkt werden.<\/p>\n<p><a href=\"mailto:office@scooter-palace.at\">office@scooter-palace.at<\/a><\/p>\n<p>Christian Aicher<\/p>\n<p>Wienerstra\u00dfe 5<\/p>\n<p>4800 Attnang-Puchheim<\/p>\n<p>+43699 18151564<\/p>\n<p><strong>3. Datenweitergabe<\/strong><\/p>\n<p>Ihre personenbezogenen Daten werden an mitwirkende Firmen weitergegeben (Zulieferer, Spedition, Kreditinstitute etc.). Soweit zur Lieferung bestellter Waren die Notwendigkeit besteht, geben wir somit ausschlie\u00dflich im Zuge der Vertragserf\u00fcllung Ihre Daten an das mit der Lieferung beauftragte Versand-, Speditions- und Bankunternehmen weiter.<\/p>\n<p>Je nach dem, welchen Zahlungsdienstleister Sie im Bestellprozess selektieren, geben wir zur Ausf\u00fchrung von Zahlungen die hierf\u00fcr erfassten Zahlungsdaten an das mit der Zahlung beauftragte Kreditinstitut und ggf. von uns beauftragte Zahlungsdienstleister weiter bzw. an den ausgew\u00e4hlten Zahlungsdienst.<\/p>\n<p>Wir geben keine pers\u00f6nlichen Kundendaten an Dritte weiter, die nicht zwingend mit der Kaufabwicklung verbunden sind.<\/p>\n<p><strong>4. E-Mail-Newsletter und Postwerbung<\/strong><\/p>\n<ul>\n<li>E-Mail-Werbung mit Anmeldung zum Newsletter\n<p>Wenn wir von Ihnen eine Anmeldung zu unserem Newsletter erhalten, verwenden wir die hierf\u00fcr notwendigen oder gesondert von Ihnen bekannt gegebenen Daten, um Ihnen regelm\u00e4\u00dfig unseren E-Mail-Newsletter infolge Ihrer Einwilligung zuzusenden.<\/p>\n<p>Die Abmeldung vom Newsletter ist zu jedem beliebigen Zeitpunkt m\u00f6glich. Dies kann entweder durch eine Mitteilung an die unten angef\u00fchrte Kontaktm\u00f6glichkeit oder \u00fcber einen daf\u00fcr angedachten Link im Newsletter erfolgen. Nach Abmeldung l\u00f6schen wir Ihre E-Mail-Adresse, soweit Sie nicht ausdr\u00fccklich in eine weitere Nutzung Ihrer Daten eingewilligt haben oder wir uns eine dar\u00fcber hinausgehende Datenverwendung vorbehalten, die gesetzlich gestattet ist und \u00fcber die wir Sie in dieser Erkl\u00e4rung informieren.<\/p>\n<\/li>\n<li>E-Mail-Werbung ohne Anmeldung zum Newsletter und Ihr Widerspruchsrecht\n<p>Wenn wir Ihre E-Mail-Adresse im Zuge eines Verkaufs einer Ware oder Dienstleistung erhalten und Sie dem nicht widersprochen haben, behalten wir uns vor, Ihnen auf Grundlage von \u00a7 7 Abs. 3 UWG regelm\u00e4\u00dfig Angebote zu \u00e4hnlichen Produkten, wie den bereits gekauften, aus unserem Sortiment per E-Mail zukommen zu lassen.<\/p>\n<p>Sie k\u00f6nnen dieser Verwendung Ihrer E-Mail-Adresse jederzeit durch eine Nachricht an die unten beschriebene Kontaktoption oder \u00fcber einen daf\u00fcr angedachten Link in der Werbemail widersprechen. Hierf\u00fcr entsteht kein anderer Kostenaufwand als die \u00dcbermittlungskosten nach den Basistarifen.<\/p>\n<\/li>\n<li>Postwerbung und Ihr Widerspruchsrecht\n<p>Dar\u00fcber hinaus halten wir uns die M\u00f6glichkeit offen, Ihren Vor- und Nachnamen sowie Ihre Postanschrift f\u00fcr eigene Werbezwecke zu gebrauchen, z.B. zur \u00dcbermittlung von interessanten Angeboten und Informationen zu unseren Produkten per Briefpost.<\/p>\n<\/li>\n<\/ul>\n<p><strong>5. Datenverwendung bei Zahlungsabwicklung<\/strong><\/p>\n<ul>\n<li>\n<div>Identit\u00e4ts- und Bonit\u00e4tspr\u00fcfung bei Auswahl von Paypal-Zahlungsarten<\/div>\n<\/li>\n<\/ul>\n<p>Bei Auswahl der Zahlungsart \u201ePayPal Express\u201c erfolgt die Zahlungsabwicklung \u00fcber den Zahlungsdienstleister PayPal unter Geltung der PayPal-Nutzungsbedingungen. Infolgedessen werden Sie im Bestellprozess gebeten, in die \u00dcbermittlung der f\u00fcr die Abwicklung der Zahlung und eine Identit\u00e4ts- und Bonit\u00e4tspr\u00fcfung erforderlichen Daten an Paypal gem\u00e4\u00df Art. 6 Abs. 1 S. 1 lit. a DSGVO einzuwilligen. Sofern Sie Ihre Einwilligung erteilen, werden Ihre Daten (Vor- und Nachname, Stra\u00dfe, Hausnummer, Postleitzahl, Ort, Geburtsdatum und beim Kauf per Lastschrift die angegebene Kontoverbindung) sowie die Daten im Zusammenhang mit Ihrer Bestellung an Paypal \u00fcbermittelt. Der Kunde erteilt durch Klicken des den Bestellvorgang vollendenden Buttons gleichzeitig auch einen Zahlungsauftrag an PayPal. In diesem Kontext erkl\u00e4rt der Verk\u00e4ufer schon jetzt die Annahme des Angebots des Kunden in dem Zeitpunkt, in dem der Kunde durch Klicken des den Bestellvorgang abschlie\u00dfenden Buttons den Zahlungsvorgang erwirkt.<\/p>\n<p><strong>6. Cookies und Webanalyse<\/strong><\/p>\n<p>Um die Ansicht unserer Website ansprechend zu gestalten und die Nutzung bestimmter Funktionen zu erm\u00f6glichen, um geeignete Produkte zu pr\u00e4sentieren oder zur Marktforschung verwenden wir auf unseren Seiten sogenannte Cookies. Diese dienen einer verbesserten Darstellung unseres Angebots. Cookies sind kleine Textdateien, die automatisch auf Ihrem Endger\u00e4t gespeichert werden.<\/p>\n<p>Manche der von uns gebr\u00e4uchlichen Cookies werden nach Ende der Browser-Sitzung, also nach Schlie\u00dfen Ihres Browsers, wieder gel\u00f6scht (sog. Sitzungs-Cookies). Andere Cookies werden auf Ihrem Endger\u00e4t dauerhaft gespeichert und erm\u00f6glichen uns, Ihren Browser beim n\u00e4chsten Besuch wiederzuerkennen (persistente Cookies).<\/p>\n<p>Die Speicherdauer k\u00f6nnen Sie in den Cookie-Einstellungen Ihres Webbrowsers einsehen. Sie k\u00f6nnen die Browsereinstellungen so versehen, dass Sie \u00fcber das Setzen von Cookies unverz\u00fcglich informiert werden. Somit k\u00f6nnen Sie einzeln \u00fcber deren Annahme entscheiden, oder die Annahme von Cookies f\u00fcr bestimmte F\u00e4lle oder generell ablehnen.<\/p>\n<p>Bei Nichtannahme von Cookies kann die Funktionalit\u00e4t unserer Website eingeschr\u00e4nkt sein.<\/p>\n<ul>\n<li>\n<div>Einsatz von Google (Universal) Analytics zur Webanalyse<\/div>\n<\/li>\n<\/ul>\n<p>Zur Webseitenanalyse setzt diese Website Google (Universal) Analytics ein, einen Webanalysedienst der Google LLC. Dies dient einer verbessrten Darstellung unseres Angebots. Google (Universal) Analytics verwendet Verfahren, die eine Analyse der Benutzung der Website durch Sie m\u00f6glich machen, wie zum Beispiel Cookies. Die automatisch erfassten Informationen \u00fcber Ihren Besuch dieser Website an einen Server von Google in den USA transferiert und dort gespeichert. Durch die Aktivierung der IP-Anonymisierung auf dieser Webseite wird dabei die IP-Adresse vor der \u00dcbermittlung innerhalb der Mitgliedstaaten der Europ\u00e4ischen Union oder in anderen Vertragsstaaten des Abkommens \u00fcber den Europ\u00e4ischen Wirtschaftsraum gek\u00fcrzt. Die \u00dcbertragung der vollen IP-Adresse an einen Google-Server in die USA und dortige K\u00fcrzung findet nur in Ausnahmef\u00e4llen statt. Die im Zuge von Google Analytics von Ihrem Browser \u00fcbertragene anonymisierte IP-Adresse wird grunds\u00e4tzlich nicht mit anderen Daten von Google zusammengef\u00fchrt.<\/p>\n<p>Sie k\u00f6nnen die Erfassung von Google durch die Cookie erzeugten und auf Ihre Webseitennutzung bezogenen Daten (inkl. Ihrer IP-Adresse) sowie die Verarbeitung dieser Daten durch Google vermeiden, indem Sie das Browser-Plugin unter nachstehendem Link herunterladen und installieren:&nbsp;<a href=\"http:\/\/tools.google.com\/dlpage\/gaoptout?hl=de\" target=\"_blank\" rel=\"noopener\">tools.google.com\/dlpage\/gaoptout?hl=de<\/a><\/p>\n<p>Alternativ zum Browser-Plugin k\u00f6nnen Sie&nbsp;<a>diesen Link<\/a>&nbsp;klicken, um der Aufzeichnung durch Google Analytics auf dieser Website zuk\u00fcnftig zu umgehen. Dadurch wird ein Opt-Out-Cookie auf Ihrem Endger\u00e4t abgelegt. L\u00f6schen Sie jedoch alle Ihre Cookies, m\u00fcssen Sie den Link erneut bet\u00e4tigen um der Erfassung von Google Analytics zu entgehen.<\/p>\n<p><strong>7. Versand von Bewertungserinnerungen per E-Mail<\/strong><\/p>\n<ul>\n<li>\n<div>Bewertungserinnerung<\/div>\n<\/li>\n<\/ul>\n<p>Sofern Sie uns hierzu w\u00e4hrend oder nach Ihrer Bestellung Ihre ausdr\u00fcckliche Einwilligung \u00fcbermittelt haben, sendet Ihnen unser Server nach ein paar Wochen ein automatisches Bewertungsmail zu.<\/p>\n<p>Diese Befugnis kann jederzeit durch eine Mitteilung an&nbsp;<a href=\"mailto:office@scooter-palace.at\">office@scooter-palace.at<\/a>&nbsp;zur\u00fcckgezogen werden.<\/p>\n<p><strong>8. Kontaktm\u00f6glichkeiten und Ihre Rechte<\/strong><\/p>\n<p>Wir m\u00f6chten Sie au\u00dferdem auch auf nachstehende Rechte hinweisen, die Ihnen als Betroffenem nach der DSG-VO bez\u00fcglich Ihrer personenbezogenen Daten zustehen:<\/p>\n<p>\u00b7&nbsp;&nbsp;&nbsp;&nbsp;&nbsp;&nbsp;&nbsp;&nbsp; Recht auf Auskunft durch die Verantwortlichen \u00fcber die Sie betreffenden personenbezogenen Daten nach Art 15 DSG-VO<\/p>\n<p>\u00b7&nbsp;&nbsp;&nbsp;&nbsp;&nbsp;&nbsp;&nbsp;&nbsp; Recht auf Berichtigung nach Art 16 DSG-VO<\/p>\n<p>\u00b7&nbsp;&nbsp;&nbsp;&nbsp;&nbsp;&nbsp;&nbsp;&nbsp; Recht auf L\u00f6schung nach Art 17 DSG-VO<\/p>\n<p>\u00b7&nbsp;&nbsp;&nbsp;&nbsp;&nbsp;&nbsp;&nbsp;&nbsp; Recht auf Einschr\u00e4nkung der Verarbeitung nach Art 18 DSG-VO<\/p>\n<p>\u00b7&nbsp;&nbsp;&nbsp;&nbsp;&nbsp;&nbsp;&nbsp;&nbsp; Recht auf Daten\u00fcbertragbarkeit nach Art 20 DSG-VO<\/p>\n<p>\u00b7&nbsp;&nbsp;&nbsp;&nbsp;&nbsp;&nbsp;&nbsp;&nbsp; Recht auf Widerspruch gegen die Verarbeitung nach Art 21 DSG-VO<\/p>\n<p>\u00b7&nbsp;&nbsp;&nbsp;&nbsp;&nbsp;&nbsp;&nbsp;&nbsp; Des Weiteren haben Sie auch das Recht, Beschwerde bei der Datenschutzbeh\u00f6rde zu erwirken.<\/p>\n<p>Diesbez\u00fcglich verweisen wir auch auf die abrufbare Homepage der Datenschutzbeh\u00f6rde, die Sie unter folgendem Link erreichen:&nbsp;<a href=\"https:\/\/www.dsb.gv.at\/\"><em>www.dsb.gv.at<\/em><\/a><\/p>\n<p>Bei Fragen zur Erfassung, Verarbeitung oder Nutzung Ihrer personenbezogenen Daten, bei Ausk\u00fcnften, Berichtigung, Sperrung oder L\u00f6schung von Daten sowie zum Widerruf erteilter Einwilligungen oder Widerspruch gegen eine bestimmte Datenverwendung wenden Sie sich bitte direkt an uns.<\/p>\n<ul>\n<li>\n<div>Widerspruchsrecht<\/div>\n<\/li>\n<\/ul>\n<p>Sie k\u00f6nnen die uns erteilten Einwilligungen zur Speicherung und Nutzung von Protokolldateien und zum Einsatz von Cookies jederzeit ohne Angaben von Gr\u00fcnden widerrufen. Sie k\u00f6nnen uns dazu entweder ein<\/p>\n<p>E-Mail an&nbsp;<a href=\"mailto:office@scooter-palace.at\">office@scooter-palace.at<\/a><\/p>\n<p>oder einen Brief an Christian Aicher, Wienerstra\u00dfe 5, 4800 Attnang-Puchheim schicken, oder<\/p>\n<p>telefonisch mit uns unter der Nummer +43 699 18151564 Kontakt aufnehmen.<\/p>\n<p>Nach der Geltendmachung Ihres Widerspruchsrechts werden wir Ihre personenbezogenen Daten nicht weiter zu Verarbeitungen und \u00dcbermittlungen gebrauchen. Eine Ausnahme stellen zwingende schutzw\u00fcrdige Gr\u00fcnde dar, die nachweisen, dass Ihre Interessen, Rechte und Freiheiten \u00fcberwiegen, oder wenn die Verarbeitung der Geltendmachung, Aus\u00fcbung oder Verteidigung von Rechtsanspr\u00fcchen dient.<\/p>\n<p>Dies gilt nicht, wenn die Verarbeitung im Sinne des Direktmarketings geschieht. Dann werden wir Ihre personenbezogenen Daten nicht weiter zu diesem Zweck verarbeiten.<\/p>\n<p>\u00a7&nbsp;11 Gerichtsstand<\/p>\n<p>Ist der Kunde Unternehmer so ist der Gerichtsstand f\u00fcr alle Streitigkeiten aus dem Vertragsverh\u00e4ltnis V\u00f6cklabruck.<\/p>\t\t\t\t\t\t\t\t<\/div>\n\t\t\t\t<\/div>\n\t\t\t\t<\/div>\n\t\t<div class=\"elementor-element elementor-element-b5342a7 e-flex e-con-boxed e-con e-parent\" data-id=\"b5342a7\" data-element_type=\"container\" data-e-type=\"container\">\n\t\t\t\t\t<div class=\"e-con-inner\">\n\t\t\t\t\t<\/div>\n\t\t\t\t<\/div>\n\t\t\t\t<\/div>\n\t\t","protected":false},"excerpt":{"rendered":"<p>AGB Allgemeine Gesch\u00e4ftbedingungen&nbsp;und Datenschutzerkl\u00e4rung \u00a7 1 Grundlegende Bestimmungen&nbsp;(1). Die nachstehenden Gesch\u00e4ftsbedingungen gelten f\u00fcr alle Vertr\u00e4ge zwischen&nbsp;Scooter Palace, Wienerstra\u00dfe 5, 4800 Attnang &#8211; Puchheim, \u00d6sterreich&nbsp;&#8211; nachfolgernder Anbieter genannt &#8211; und dem Kunden, welche \u00fcber die Internetseite&nbsp;http:\/\/www.scooter-palace.at&nbsp;des Anbieters geschlossen werden. Soweit nicht anders vereinbart, wird der Einbeziehung von eigenen Bedingungen des Kunden widersprochen. (2) Verbraucher im Sinne [&hellip;]<\/p>\n","protected":false},"author":1,"featured_media":0,"parent":0,"menu_order":0,"comment_status":"closed","ping_status":"closed","template":"template-home.php","meta":{"footnotes":""},"class_list":["post-431","page","type-page","status-publish","hentry"],"_links":{"self":[{"href":"https:\/\/www.scooter-palace.at\/index.php?rest_route=\/wp\/v2\/pages\/431","targetHints":{"allow":["GET"]}}],"collection":[{"href":"https:\/\/www.scooter-palace.at\/index.php?rest_route=\/wp\/v2\/pages"}],"about":[{"href":"https:\/\/www.scooter-palace.at\/index.php?rest_route=\/wp\/v2\/types\/page"}],"author":[{"embeddable":true,"href":"https:\/\/www.scooter-palace.at\/index.php?rest_route=\/wp\/v2\/users\/1"}],"replies":[{"embeddable":true,"href":"https:\/\/www.scooter-palace.at\/index.php?rest_route=%2Fwp%2Fv2%2Fcomments&post=431"}],"version-history":[{"count":54,"href":"https:\/\/www.scooter-palace.at\/index.php?rest_route=\/wp\/v2\/pages\/431\/revisions"}],"predecessor-version":[{"id":14399,"href":"https:\/\/www.scooter-palace.at\/index.php?rest_route=\/wp\/v2\/pages\/431\/revisions\/14399"}],"wp:attachment":[{"href":"https:\/\/www.scooter-palace.at\/index.php?rest_route=%2Fwp%2Fv2%2Fmedia&parent=431"}],"curies":[{"name":"wp","href":"https:\/\/api.w.org\/{rel}","templated":true}]}}