{"id":12951,"date":"2023-10-24T15:02:32","date_gmt":"2023-10-24T14:02:32","guid":{"rendered":"https:\/\/2023.scooter-palace.at\/?post_type=product&#038;p=12951"},"modified":"2026-04-14T09:40:06","modified_gmt":"2026-04-14T08:40:06","slug":"rieju-marathon-125i-w-c-sm-rot","status":"publish","type":"product","link":"https:\/\/www.scooter-palace.at\/?product=rieju-marathon-125i-w-c-sm-rot","title":{"rendered":"Rieju MARATHON 125i W\/C SM rot"},"content":{"rendered":"\t\t<div data-elementor-type=\"wp-post\" data-elementor-id=\"12951\" class=\"elementor elementor-12951\">\n\t\t\t\t<div class=\"elementor-element elementor-element-76254bcf e-flex e-con-boxed e-con e-parent\" data-id=\"76254bcf\" data-element_type=\"container\" data-e-type=\"container\">\n\t\t\t\t\t<div class=\"e-con-inner\">\n\t\t\t\t<div class=\"elementor-element elementor-element-4c36dcd8 elementor-widget elementor-widget-text-editor\" data-id=\"4c36dcd8\" data-element_type=\"widget\" data-e-type=\"widget\" data-widget_type=\"text-editor.default\">\n\t\t\t\t<div class=\"elementor-widget-container\">\n\t\t\t\t\t\t\t\t\t<p><strong>TECHNISCHE DATEN<\/strong><\/p>\r\n<ul><!-- \/wp:list-item -->\r\n\r\n<!-- wp:list-item -->\r\n<li>Abmessungen (L&#8217;B&#8217;H): 2070\/800\/1145 mm<\/li>\r\n<!-- \/wp:list-item -->\r\n\r\n<!-- wp:list-item -->\r\n<li>Gewicht: ca. 121 kg<\/li>\r\n<!-- \/wp:list-item -->\r\n\r\n<!-- wp:list-item -->\r\n<li>Motor: YAMAHA 4-Taktmotor mit 4-Ventilen und elektronischer Einspritzung (wassergek\u00fchlt)<\/li>\r\n<!-- \/wp:list-item -->\r\n\r\n<!-- wp:list-item -->\r\n<li>Getriebe: 6-Gang<\/li>\r\n<!-- \/wp:list-item -->\r\n\r\n<!-- wp:list-item -->\r\n<li>Hubraum: 125 ccm<\/li>\r\n<!-- \/wp:list-item -->\r\n\r\n<!-- wp:list-item -->\r\n<li>Typengenehmigte Leistung: 11 Kw\/9800 Upm<\/li>\r\n<!-- \/wp:list-item -->\r\n\r\n<!-- wp:list-item -->\r\n<li>Vordere Gabel: Upside-down-Gabel R16 \u00f8 41 mm Monoshock Gas mit PRS-System<\/li>\r\n<!-- \/wp:list-item -->\r\n\r\n<!-- wp:list-item -->\r\n<li>Hintere Sto\u00dfd\u00e4mpfer: und einstellbare Sto\u00dfd\u00e4mpfer<\/li>\r\n<!-- \/wp:list-item -->\r\n\r\n<!-- wp:list-item -->\r\n<li>Bremse (vorne\/hinten): Doppelkolben Wave-Scheibenbremse Galfer o 300 mm \/ Wave-Scheiben-bremse Galfer \u00d8 200 mm<\/li>\r\n<!-- \/wp:list-item -->\r\n\r\n<!-- wp:list-item -->\r\n<li>Bremssystem: CBS (kombiniertes Bremssystem)<\/li>\r\n<!-- \/wp:list-item -->\r\n\r\n<!-- wp:list-item -->\r\n<li>Reifen (vorne\/hinten): 100\/80-17&#8243;\/130\/70-17&#8243;<\/li>\r\n<!-- \/wp:list-item -->\r\n\r\n<!-- wp:list-item -->\r\n<li>Sitzh\u00f6he: 870 mm<\/li>\r\n<!-- \/wp:list-item -->\r\n\r\n<!-- wp:list-item -->\r\n<li>Tankinhalt: 6,32 Liter<\/li>\r\n<!-- \/wp:list-item -->\r\n\r\n<!-- wp:list-item -->\r\n<li>Starter: Elektrostarter<\/li>\r\n<!-- \/wp:list-item -->\r\n\r\n<!-- wp:list-item -->\r\n<li>Verbrauch: 2 Liter\/100 km<\/li>\r\n<!-- \/wp:list-item -->\r\n\r\n<!-- wp:list-item -->\r\n<li>Emissionen: 46 g\/km<\/li>\r\n<\/ul>\t\t\t\t\t\t\t\t<\/div>\n\t\t\t\t<\/div>\n\t\t\t\t\t<\/div>\n\t\t\t\t<\/div>\n\t\t\t\t<\/div>\n\t\t","protected":false},"excerpt":{"rendered":"<p>TECHNISCHE DATEN Abmessungen (L&#8217;B&#8217;H): 2070\/800\/1145 mm Gewicht: ca. 121 kg Motor: YAMAHA 4-Taktmotor mit 4-Ventilen und elektronischer Einspritzung (wassergek\u00fchlt) Getriebe: 6-Gang Hubraum: 125 ccm Typengenehmigte Leistung: 11 Kw\/9800 Upm Vordere Gabel: Upside-down-Gabel R16 \u00f8 41 mm Monoshock Gas mit PRS-System Hintere Sto\u00dfd\u00e4mpfer: und einstellbare Sto\u00dfd\u00e4mpfer Bremse (vorne\/hinten): Doppelkolben Wave-Scheibenbremse Galfer o 300 mm \/ Wave-Scheiben-bremse [&hellip;]<\/p>\n","protected":false},"featured_media":12854,"comment_status":"open","ping_status":"closed","template":"","meta":[],"product_brand":[],"product_cat":[73,71],"product_tag":[],"class_list":{"0":"post-12951","1":"product","2":"type-product","3":"status-publish","4":"has-post-thumbnail","6":"product_cat-rieju","7":"product_cat-rieju-125ccm","9":"first","10":"outofstock","11":"taxable","12":"shipping-taxable","13":"purchasable","14":"product-type-simple"},"_links":{"self":[{"href":"https:\/\/www.scooter-palace.at\/index.php?rest_route=\/wp\/v2\/product\/12951","targetHints":{"allow":["GET"]}}],"collection":[{"href":"https:\/\/www.scooter-palace.at\/index.php?rest_route=\/wp\/v2\/product"}],"about":[{"href":"https:\/\/www.scooter-palace.at\/index.php?rest_route=\/wp\/v2\/types\/product"}],"replies":[{"embeddable":true,"href":"https:\/\/www.scooter-palace.at\/index.php?rest_route=%2Fwp%2Fv2%2Fcomments&post=12951"}],"version-history":[{"count":6,"href":"https:\/\/www.scooter-palace.at\/index.php?rest_route=\/wp\/v2\/product\/12951\/revisions"}],"predecessor-version":[{"id":13708,"href":"https:\/\/www.scooter-palace.at\/index.php?rest_route=\/wp\/v2\/product\/12951\/revisions\/13708"}],"wp:featuredmedia":[{"embeddable":true,"href":"https:\/\/www.scooter-palace.at\/index.php?rest_route=\/wp\/v2\/media\/12854"}],"wp:attachment":[{"href":"https:\/\/www.scooter-palace.at\/index.php?rest_route=%2Fwp%2Fv2%2Fmedia&parent=12951"}],"wp:term":[{"taxonomy":"product_brand","embeddable":true,"href":"https:\/\/www.scooter-palace.at\/index.php?rest_route=%2Fwp%2Fv2%2Fproduct_brand&post=12951"},{"taxonomy":"product_cat","embeddable":true,"href":"https:\/\/www.scooter-palace.at\/index.php?rest_route=%2Fwp%2Fv2%2Fproduct_cat&post=12951"},{"taxonomy":"product_tag","embeddable":true,"href":"https:\/\/www.scooter-palace.at\/index.php?rest_route=%2Fwp%2Fv2%2Fproduct_tag&post=12951"}],"curies":[{"name":"wp","href":"https:\/\/api.w.org\/{rel}","templated":true}]}}