{"id":14532,"date":"2024-02-02T14:57:11","date_gmt":"2024-02-02T13:57:11","guid":{"rendered":"https:\/\/www.scooter-palace.at\/?post_type=product&#038;p=14532"},"modified":"2024-02-18T20:35:36","modified_gmt":"2024-02-18T19:35:36","slug":"kymco-x-town-ct-injection-125i-cbs","status":"publish","type":"product","link":"https:\/\/www.scooter-palace.at\/?product=kymco-x-town-ct-injection-125i-cbs","title":{"rendered":"Kymco X-Town CT injection 125i CBS"},"content":{"rendered":"\t\t<div data-elementor-type=\"wp-post\" data-elementor-id=\"14532\" class=\"elementor elementor-14532\">\n\t\t\t\t<div class=\"elementor-element elementor-element-50610e9b e-con-full e-flex e-con e-parent\" data-id=\"50610e9b\" data-element_type=\"container\" data-e-type=\"container\" data-settings=\"{&quot;background_background&quot;:&quot;classic&quot;}\">\n\t\t\t\t<div class=\"elementor-element elementor-element-61652b34 elementor-widget elementor-widget-text-editor\" data-id=\"61652b34\" data-element_type=\"widget\" data-e-type=\"widget\" data-widget_type=\"text-editor.default\">\n\t\t\t\t<div class=\"elementor-widget-container\">\n\t\t\t\t\t\t\t\t\t<table class=\"productTechnicalSpec\">\r\n<tbody>\r\n<tr>\r\n<td class=\"specTitle\">Max. Leistung<\/td>\r\n<td class=\"specVal\">9,5 kW (12,9 PS) bei 9000 U\/min<\/td>\r\n<\/tr>\r\n<tr>\r\n<td class=\"specTitle\">Leergewicht in kg<\/td>\r\n<td class=\"specVal\">179 (fahrbereit)<\/td>\r\n<\/tr>\r\n<tr>\r\n<td class=\"specTitle\">zul. Gesamtgewicht in kg<\/td>\r\n<td class=\"specVal\">330<\/td>\r\n<\/tr>\r\n<tr>\r\n<td class=\"specTitle\">Abmessungen (L, H, B) in mm<\/td>\r\n<td class=\"specVal\">2200, 1320, 810<\/td>\r\n<\/tr>\r\n<tr>\r\n<td class=\"specTitle\">Sitzh\u00f6he in mm<\/td>\r\n<td class=\"specVal\">790<\/td>\r\n<\/tr>\r\n<tr>\r\n<td class=\"specTitle\">Tankinhalt in Liter<\/td>\r\n<td class=\"specVal\">10,5<\/td>\r\n<\/tr>\r\n<tr>\r\n<td class=\"specTitle\">Bauart<\/td>\r\n<td class=\"specVal\">1-Zyl, 4 Takt fl\u00fcssigkeitsgek\u00fchlt\r\n4 Ventile\/Zylinder, Einspritzer<\/td>\r\n<\/tr>\r\n<tr>\r\n<td class=\"specTitle\">Hubraum in ccm<\/td>\r\n<td class=\"specVal\">125<\/td>\r\n<\/tr>\r\n<tr>\r\n<td class=\"specTitle\">Starter<\/td>\r\n<td class=\"specVal\">Elektrostarter<\/td>\r\n<\/tr>\r\n<tr>\r\n<td class=\"specTitle\">Kupplung<\/td>\r\n<td class=\"specVal\">Fliehkraftkupplung<\/td>\r\n<\/tr>\r\n<tr>\r\n<td class=\"specTitle\">Getriebe<\/td>\r\n<td class=\"specVal\">stufenlose Variomatik<\/td>\r\n<\/tr>\r\n<tr>\r\n<td class=\"specTitle\">Federung vorne<\/td>\r\n<td class=\"specVal\">hydraulische Teleskopgabel<\/td>\r\n<\/tr>\r\n<tr>\r\n<td class=\"specTitle\">Federung hinten<\/td>\r\n<td class=\"specVal\">Triebsatzschwinge, hydr. ged\u00e4mpft (2 Federbeine mit verstellb. Federvorspannung)<\/td>\r\n<\/tr>\r\n<tr>\r\n<td class=\"specTitle\">Bremse vorne<\/td>\r\n<td class=\"specVal\">WAVE-Bremsscheibe 260 mm<\/td>\r\n<\/tr>\r\n<tr>\r\n<td class=\"specTitle\">Bremse hinten<\/td>\r\n<td class=\"specVal\">WAVE-Bremsscheibe 240 mm<\/td>\r\n<\/tr>\r\n<tr>\r\n<td class=\"specTitle\">Reifen vorne<\/td>\r\n<td class=\"specVal\">120\/70-13<\/td>\r\n<\/tr>\r\n<tr>\r\n<td class=\"specTitle\">Reifen hinten<\/td>\r\n<td class=\"specVal\">150\/70-13<\/td>\r\n<\/tr>\r\n<tr>\r\n<td class=\"specTitle\">Abgaswerte<\/td>\r\n<td class=\"specVal\">EURO 5 \/ Kraftstoffverbrauch (l\/100 km) \u00d8 3l;\r\nCO<sub>2<\/sub>\u00a0Emissionen 69g\/km<\/td>\r\n<\/tr>\r\n<\/tbody>\r\n<\/table>\t\t\t\t\t\t\t\t<\/div>\n\t\t\t\t<\/div>\n\t\t\t\t<\/div>\n\t\t\t\t<\/div>\n\t\t","protected":false},"excerpt":{"rendered":"<p>Max. Leistung 9,5 kW (12,9 PS) bei 9000 U\/min Leergewicht in kg 179 (fahrbereit) zul. Gesamtgewicht in kg 330 Abmessungen (L, H, B) in mm 2200, 1320, 810 Sitzh\u00f6he in mm 790 Tankinhalt in Liter 10,5 Bauart 1-Zyl, 4 Takt fl\u00fcssigkeitsgek\u00fchlt 4 Ventile\/Zylinder, Einspritzer Hubraum in ccm 125 Starter Elektrostarter Kupplung Fliehkraftkupplung Getriebe stufenlose Variomatik [&hellip;]<\/p>\n","protected":false},"featured_media":14672,"comment_status":"open","ping_status":"closed","template":"","meta":[],"product_brand":[],"product_cat":[72,75],"product_tag":[],"class_list":{"0":"post-14532","1":"product","2":"type-product","3":"status-publish","4":"has-post-thumbnail","6":"product_cat-kymco","7":"product_cat-kymco-125ccm","9":"first","10":"outofstock","11":"sale","12":"taxable","13":"shipping-taxable","14":"purchasable","15":"product-type-simple"},"_links":{"self":[{"href":"https:\/\/www.scooter-palace.at\/index.php?rest_route=\/wp\/v2\/product\/14532","targetHints":{"allow":["GET"]}}],"collection":[{"href":"https:\/\/www.scooter-palace.at\/index.php?rest_route=\/wp\/v2\/product"}],"about":[{"href":"https:\/\/www.scooter-palace.at\/index.php?rest_route=\/wp\/v2\/types\/product"}],"replies":[{"embeddable":true,"href":"https:\/\/www.scooter-palace.at\/index.php?rest_route=%2Fwp%2Fv2%2Fcomments&post=14532"}],"version-history":[{"count":14,"href":"https:\/\/www.scooter-palace.at\/index.php?rest_route=\/wp\/v2\/product\/14532\/revisions"}],"predecessor-version":[{"id":14615,"href":"https:\/\/www.scooter-palace.at\/index.php?rest_route=\/wp\/v2\/product\/14532\/revisions\/14615"}],"wp:featuredmedia":[{"embeddable":true,"href":"https:\/\/www.scooter-palace.at\/index.php?rest_route=\/wp\/v2\/media\/14672"}],"wp:attachment":[{"href":"https:\/\/www.scooter-palace.at\/index.php?rest_route=%2Fwp%2Fv2%2Fmedia&parent=14532"}],"wp:term":[{"taxonomy":"product_brand","embeddable":true,"href":"https:\/\/www.scooter-palace.at\/index.php?rest_route=%2Fwp%2Fv2%2Fproduct_brand&post=14532"},{"taxonomy":"product_cat","embeddable":true,"href":"https:\/\/www.scooter-palace.at\/index.php?rest_route=%2Fwp%2Fv2%2Fproduct_cat&post=14532"},{"taxonomy":"product_tag","embeddable":true,"href":"https:\/\/www.scooter-palace.at\/index.php?rest_route=%2Fwp%2Fv2%2Fproduct_tag&post=14532"}],"curies":[{"name":"wp","href":"https:\/\/api.w.org\/{rel}","templated":true}]}}