{"id":14562,"date":"2024-02-02T15:33:52","date_gmt":"2024-02-02T14:33:52","guid":{"rendered":"https:\/\/www.scooter-palace.at\/?post_type=product&#038;p=14562"},"modified":"2024-02-20T01:37:23","modified_gmt":"2024-02-20T00:37:23","slug":"kymco-people-s-injection-300i-abs","status":"publish","type":"product","link":"https:\/\/www.scooter-palace.at\/?product=kymco-people-s-injection-300i-abs","title":{"rendered":"Kymco People S injection 300i ABS grau"},"content":{"rendered":"\t\t<div data-elementor-type=\"wp-post\" data-elementor-id=\"14562\" class=\"elementor elementor-14562\">\n\t\t\t\t<div class=\"elementor-element elementor-element-512d6593 e-con-full e-flex e-con e-parent\" data-id=\"512d6593\" data-element_type=\"container\" data-e-type=\"container\">\n\t\t\t\t<div class=\"elementor-element elementor-element-2efed908 elementor-widget elementor-widget-text-editor\" data-id=\"2efed908\" data-element_type=\"widget\" data-e-type=\"widget\" data-widget_type=\"text-editor.default\">\n\t\t\t\t<div class=\"elementor-widget-container\">\n\t\t\t\t\t\t\t\t\t<table class=\"productTechnicalSpec\">\r\n<tbody>\r\n<tr>\r\n<td class=\"specTitle\">Max. Leistung<\/td>\r\n<td class=\"specVal\">20,1 kW (27,3 PS) bei 7750 U\/min<\/td>\r\n<\/tr>\r\n<tr>\r\n<td class=\"specTitle\">Leergewicht in kg<\/td>\r\n<td class=\"specVal\">188 (fahrbereit)<\/td>\r\n<\/tr>\r\n<tr>\r\n<td class=\"specTitle\">zul. Gesamtgewicht in kg<\/td>\r\n<td class=\"specVal\">353<\/td>\r\n<\/tr>\r\n<tr>\r\n<td class=\"specTitle\">Abmessungen (L, H, B) in mm<\/td>\r\n<td class=\"specVal\">2165, 1240, 750<\/td>\r\n<\/tr>\r\n<tr>\r\n<td class=\"specTitle\">Sitzh\u00f6he in mm<\/td>\r\n<td class=\"specVal\">790<\/td>\r\n<\/tr>\r\n<tr>\r\n<td class=\"specTitle\">Tankinhalt in Liter<\/td>\r\n<td class=\"specVal\">9<\/td>\r\n<\/tr>\r\n<tr>\r\n<td class=\"specTitle\">Bauart<\/td>\r\n<td class=\"specVal\">1-Zyl, 4 Takt fl\u00fcssigkeitsgek\u00fchlt\r\n4 Ventile\/Zylinder, Einspritzer<\/td>\r\n<\/tr>\r\n<tr>\r\n<td class=\"specTitle\">Hubraum in ccm<\/td>\r\n<td class=\"specVal\">299<\/td>\r\n<\/tr>\r\n<tr>\r\n<td class=\"specTitle\">Starter<\/td>\r\n<td class=\"specVal\">Elektrostarter<\/td>\r\n<\/tr>\r\n<tr>\r\n<td class=\"specTitle\">Kupplung<\/td>\r\n<td class=\"specVal\">Fliehkraftkupplung<\/td>\r\n<\/tr>\r\n<tr>\r\n<td class=\"specTitle\">Getriebe<\/td>\r\n<td class=\"specVal\">stufenlose Variomatik<\/td>\r\n<\/tr>\r\n<tr>\r\n<td class=\"specTitle\">Federung vorne<\/td>\r\n<td class=\"specVal\">hydraulische Teleskopgabel<\/td>\r\n<\/tr>\r\n<tr>\r\n<td class=\"specTitle\">Federung hinten<\/td>\r\n<td class=\"specVal\">Triebsatzschwinge, hydr. ged\u00e4mpft (2 Federbeine mit verstellb. Federvorspannung)<\/td>\r\n<\/tr>\r\n<tr>\r\n<td class=\"specTitle\">Bremse vorne<\/td>\r\n<td class=\"specVal\">1 Scheibenbremse mit 3-Kolben-Bremszange mit ABS 260 mm<\/td>\r\n<\/tr>\r\n<tr>\r\n<td class=\"specTitle\">Bremse hinten<\/td>\r\n<td class=\"specVal\">1 Scheibenbremse mit ABS 260 mm<\/td>\r\n<\/tr>\r\n<tr>\r\n<td class=\"specTitle\">Reifen vorne<\/td>\r\n<td class=\"specVal\">110\/70-16<\/td>\r\n<\/tr>\r\n<tr>\r\n<td class=\"specTitle\">Reifen hinten<\/td>\r\n<td class=\"specVal\">140\/70-16<\/td>\r\n<\/tr>\r\n<tr>\r\n<td class=\"specTitle\">Abgaswerte<\/td>\r\n<td class=\"specVal\">EURO 5 \/ Kraftstoffverbrauch (l\/100 km) \u00d8 3,4l;\r\nCO<sub>2<\/sub>\u00a0Emissionen 79g\/km<\/td>\r\n<\/tr>\r\n<\/tbody>\r\n<\/table>\t\t\t\t\t\t\t\t<\/div>\n\t\t\t\t<\/div>\n\t\t\t\t<\/div>\n\t\t\t\t<\/div>\n\t\t","protected":false},"excerpt":{"rendered":"<p>Max. Leistung 20,1 kW (27,3 PS) bei 7750 U\/min Leergewicht in kg 188 (fahrbereit) zul. Gesamtgewicht in kg 353 Abmessungen (L, H, B) in mm 2165, 1240, 750 Sitzh\u00f6he in mm 790 Tankinhalt in Liter 9 Bauart 1-Zyl, 4 Takt fl\u00fcssigkeitsgek\u00fchlt 4 Ventile\/Zylinder, Einspritzer Hubraum in ccm 299 Starter Elektrostarter Kupplung Fliehkraftkupplung Getriebe stufenlose Variomatik [&hellip;]<\/p>\n","protected":false},"featured_media":14578,"comment_status":"open","ping_status":"closed","template":"","meta":[],"product_brand":[],"product_cat":[72,84],"product_tag":[],"class_list":{"0":"post-14562","1":"product","2":"type-product","3":"status-publish","4":"has-post-thumbnail","6":"product_cat-kymco","7":"product_cat-kymco-300ccm","9":"first","10":"outofstock","11":"sale","12":"taxable","13":"shipping-taxable","14":"purchasable","15":"product-type-simple"},"_links":{"self":[{"href":"https:\/\/www.scooter-palace.at\/index.php?rest_route=\/wp\/v2\/product\/14562","targetHints":{"allow":["GET"]}}],"collection":[{"href":"https:\/\/www.scooter-palace.at\/index.php?rest_route=\/wp\/v2\/product"}],"about":[{"href":"https:\/\/www.scooter-palace.at\/index.php?rest_route=\/wp\/v2\/types\/product"}],"replies":[{"embeddable":true,"href":"https:\/\/www.scooter-palace.at\/index.php?rest_route=%2Fwp%2Fv2%2Fcomments&post=14562"}],"version-history":[{"count":9,"href":"https:\/\/www.scooter-palace.at\/index.php?rest_route=\/wp\/v2\/product\/14562\/revisions"}],"predecessor-version":[{"id":14662,"href":"https:\/\/www.scooter-palace.at\/index.php?rest_route=\/wp\/v2\/product\/14562\/revisions\/14662"}],"wp:featuredmedia":[{"embeddable":true,"href":"https:\/\/www.scooter-palace.at\/index.php?rest_route=\/wp\/v2\/media\/14578"}],"wp:attachment":[{"href":"https:\/\/www.scooter-palace.at\/index.php?rest_route=%2Fwp%2Fv2%2Fmedia&parent=14562"}],"wp:term":[{"taxonomy":"product_brand","embeddable":true,"href":"https:\/\/www.scooter-palace.at\/index.php?rest_route=%2Fwp%2Fv2%2Fproduct_brand&post=14562"},{"taxonomy":"product_cat","embeddable":true,"href":"https:\/\/www.scooter-palace.at\/index.php?rest_route=%2Fwp%2Fv2%2Fproduct_cat&post=14562"},{"taxonomy":"product_tag","embeddable":true,"href":"https:\/\/www.scooter-palace.at\/index.php?rest_route=%2Fwp%2Fv2%2Fproduct_tag&post=14562"}],"curies":[{"name":"wp","href":"https:\/\/api.w.org\/{rel}","templated":true}]}}