{"id":14680,"date":"2024-02-07T17:38:50","date_gmt":"2024-02-07T16:38:50","guid":{"rendered":"https:\/\/www.scooter-palace.at\/?post_type=product&#038;p=14680"},"modified":"2024-06-11T06:40:41","modified_gmt":"2024-06-11T05:40:41","slug":"kymco-xciting-vs-limited-edition-injection-400i-abs","status":"publish","type":"product","link":"https:\/\/www.scooter-palace.at\/?product=kymco-xciting-vs-limited-edition-injection-400i-abs","title":{"rendered":"Kymco XCITING VS LIMITED Edition injection 400i ABS"},"content":{"rendered":"\t\t<div data-elementor-type=\"wp-post\" data-elementor-id=\"14680\" class=\"elementor elementor-14680\">\n\t\t\t\t<div class=\"elementor-element elementor-element-2300aabc e-con-full e-flex e-con e-parent\" data-id=\"2300aabc\" data-element_type=\"container\" data-e-type=\"container\">\n\t\t\t\t<div class=\"elementor-element elementor-element-493dd393 elementor-widget elementor-widget-text-editor\" data-id=\"493dd393\" data-element_type=\"widget\" data-e-type=\"widget\" data-widget_type=\"text-editor.default\">\n\t\t\t\t<div class=\"elementor-widget-container\">\n\t\t\t\t\t\t\t\t\t<table class=\"productTechnicalSpec\">\r\n<tbody>\r\n<tr>\r\n<td class=\"specTitle\">Max. Leistung<\/td>\r\n<td class=\"specVal\">24,9 kW (33,9 PS) bei 7250 U\/min<\/td>\r\n<\/tr>\r\n<tr>\r\n<td class=\"specTitle\">Leergewicht in kg<\/td>\r\n<td class=\"specVal\">213 (fahrbereit)<\/td>\r\n<\/tr>\r\n<tr>\r\n<td class=\"specTitle\">zul. Gesamtgewicht in kg<\/td>\r\n<td class=\"specVal\">378<\/td>\r\n<\/tr>\r\n<tr>\r\n<td class=\"specTitle\">Abmessungen (L, H, B) in mm<\/td>\r\n<td class=\"specVal\">2190, 1344, 799<\/td>\r\n<\/tr>\r\n<tr>\r\n<td class=\"specTitle\">Sitzh\u00f6he in mm<\/td>\r\n<td class=\"specVal\">810<\/td>\r\n<\/tr>\r\n<tr>\r\n<td class=\"specTitle\">Tankinhalt in Liter<\/td>\r\n<td class=\"specVal\">12,5<\/td>\r\n<\/tr>\r\n<tr>\r\n<td class=\"specTitle\">Bauart<\/td>\r\n<td class=\"specVal\">1-Zyl, 4 Takt fl\u00fcssigkeitsgek\u00fchlt\r\nVierventil-Technik, Einspritzer<\/td>\r\n<\/tr>\r\n<tr>\r\n<td class=\"specTitle\">Hubraum in ccm<\/td>\r\n<td class=\"specVal\">400<\/td>\r\n<\/tr>\r\n<tr>\r\n<td class=\"specTitle\">Starter<\/td>\r\n<td class=\"specVal\">Elektrostarter<\/td>\r\n<\/tr>\r\n<tr>\r\n<td class=\"specTitle\">Kupplung<\/td>\r\n<td class=\"specVal\">Fliehkraftkupplung<\/td>\r\n<\/tr>\r\n<tr>\r\n<td class=\"specTitle\">Getriebe<\/td>\r\n<td class=\"specVal\">stufenlose Variomatik<\/td>\r\n<\/tr>\r\n<tr>\r\n<td class=\"specTitle\">Federung vorne<\/td>\r\n<td class=\"specVal\">hydraulische Teleskopgabel<\/td>\r\n<\/tr>\r\n<tr>\r\n<td class=\"specTitle\">Federung hinten<\/td>\r\n<td class=\"specVal\">Triebsatzschwinge, hydr. ged\u00e4mpft (2 Federbeine mit verstellb. Federvorspannung)<\/td>\r\n<\/tr>\r\n<tr>\r\n<td class=\"specTitle\">Bremse vorne<\/td>\r\n<td class=\"specVal\">2 WAVE-Bremsscheiben mit 4-Kolben-Radialbremszange mit ABS 280 mm<\/td>\r\n<\/tr>\r\n<tr>\r\n<td class=\"specTitle\">Bremse hinten<\/td>\r\n<td class=\"specVal\">1 WAVE-Bremsscheibe mit ABS 240 mm<\/td>\r\n<\/tr>\r\n<tr>\r\n<td class=\"specTitle\">Reifen vorne<\/td>\r\n<td class=\"specVal\">120\/70-15<\/td>\r\n<\/tr>\r\n<tr>\r\n<td class=\"specTitle\">Reifen hinten<\/td>\r\n<td class=\"specVal\">150\/70-14<\/td>\r\n<\/tr>\r\n<tr>\r\n<td class=\"specTitle\">Abgaswerte<\/td>\r\n<td class=\"specVal\">EURO 5 \/ Kraftstoffverbrauch (l\/100 km) \u00d8 4,1l;\r\nCO<sub>2<\/sub>\u00a0Emissionen 96g\/km<\/td>\r\n<\/tr>\r\n<\/tbody>\r\n<\/table>\t\t\t\t\t\t\t\t<\/div>\n\t\t\t\t<\/div>\n\t\t\t\t<\/div>\n\t\t\t\t<\/div>\n\t\t","protected":false},"excerpt":{"rendered":"<p>Max. Leistung 24,9 kW (33,9 PS) bei 7250 U\/min Leergewicht in kg 213 (fahrbereit) zul. Gesamtgewicht in kg 378 Abmessungen (L, H, B) in mm 2190, 1344, 799 Sitzh\u00f6he in mm 810 Tankinhalt in Liter 12,5 Bauart 1-Zyl, 4 Takt fl\u00fcssigkeitsgek\u00fchlt Vierventil-Technik, Einspritzer Hubraum in ccm 400 Starter Elektrostarter Kupplung Fliehkraftkupplung Getriebe stufenlose Variomatik Federung [&hellip;]<\/p>\n","protected":false},"featured_media":14677,"comment_status":"open","ping_status":"closed","template":"","meta":[],"product_brand":[],"product_cat":[72,86],"product_tag":[],"class_list":{"0":"post-14680","1":"product","2":"type-product","3":"status-publish","4":"has-post-thumbnail","6":"product_cat-kymco","7":"product_cat-kymco-400ccm","9":"first","10":"outofstock","11":"sale","12":"taxable","13":"shipping-taxable","14":"purchasable","15":"product-type-simple"},"_links":{"self":[{"href":"https:\/\/www.scooter-palace.at\/index.php?rest_route=\/wp\/v2\/product\/14680","targetHints":{"allow":["GET"]}}],"collection":[{"href":"https:\/\/www.scooter-palace.at\/index.php?rest_route=\/wp\/v2\/product"}],"about":[{"href":"https:\/\/www.scooter-palace.at\/index.php?rest_route=\/wp\/v2\/types\/product"}],"replies":[{"embeddable":true,"href":"https:\/\/www.scooter-palace.at\/index.php?rest_route=%2Fwp%2Fv2%2Fcomments&post=14680"}],"version-history":[{"count":7,"href":"https:\/\/www.scooter-palace.at\/index.php?rest_route=\/wp\/v2\/product\/14680\/revisions"}],"predecessor-version":[{"id":14702,"href":"https:\/\/www.scooter-palace.at\/index.php?rest_route=\/wp\/v2\/product\/14680\/revisions\/14702"}],"wp:featuredmedia":[{"embeddable":true,"href":"https:\/\/www.scooter-palace.at\/index.php?rest_route=\/wp\/v2\/media\/14677"}],"wp:attachment":[{"href":"https:\/\/www.scooter-palace.at\/index.php?rest_route=%2Fwp%2Fv2%2Fmedia&parent=14680"}],"wp:term":[{"taxonomy":"product_brand","embeddable":true,"href":"https:\/\/www.scooter-palace.at\/index.php?rest_route=%2Fwp%2Fv2%2Fproduct_brand&post=14680"},{"taxonomy":"product_cat","embeddable":true,"href":"https:\/\/www.scooter-palace.at\/index.php?rest_route=%2Fwp%2Fv2%2Fproduct_cat&post=14680"},{"taxonomy":"product_tag","embeddable":true,"href":"https:\/\/www.scooter-palace.at\/index.php?rest_route=%2Fwp%2Fv2%2Fproduct_tag&post=14680"}],"curies":[{"name":"wp","href":"https:\/\/api.w.org\/{rel}","templated":true}]}}