{"id":14726,"date":"2024-02-21T17:03:41","date_gmt":"2024-02-21T16:03:41","guid":{"rendered":"https:\/\/www.scooter-palace.at\/?post_type=product&#038;p=14726"},"modified":"2025-11-27T17:12:08","modified_gmt":"2025-11-27T16:12:08","slug":"voge-valico-525i-dsx-grau","status":"publish","type":"product","link":"https:\/\/www.scooter-palace.at\/?product=voge-valico-525i-dsx-grau","title":{"rendered":"VOGE VALICO 525i DSX grau"},"content":{"rendered":"\t\t<div data-elementor-type=\"wp-post\" data-elementor-id=\"14726\" class=\"elementor elementor-14726\">\n\t\t\t\t<div class=\"elementor-element elementor-element-605a3a5d e-flex e-con-boxed e-con e-parent\" data-id=\"605a3a5d\" data-element_type=\"container\" data-e-type=\"container\">\n\t\t\t\t\t<div class=\"e-con-inner\">\n\t\t\t\t<div class=\"elementor-element elementor-element-af476cd elementor-widget elementor-widget-text-editor\" data-id=\"af476cd\" data-element_type=\"widget\" data-e-type=\"widget\" data-widget_type=\"text-editor.default\">\n\t\t\t\t<div class=\"elementor-widget-container\">\n\t\t\t\t\t\t\t\t\t<p>Modell: Valico 525 DSX<\/p><p>Preis inkl. Nova!!!<br \/>Abmessungen: L\/B\/H: 2215\/840\/1365 mm<br \/>Leergewicht: 190 kg<br \/>Motor: Reihen 2-Zylinder 4-Taktmotor wassergek\u00fchlt mit Einspritzung (2&#215;4) 8 Ventile<br \/>Getriebe: 6 Gang<br \/>Hubraum: 494 ccm<br \/>Leistung: 35 Kw\/8500 Upm 50.5 Nm<br \/>H\u00f6chstgeschwindigkeit: 160 km\/h<br \/>Bremssystem vorne: NISSIN doppelte Scheibenbremse \u00f8 298 mm mit 2 Kolben<br \/>Bremssystem hinten: Nissin Scheibenbremse \u00f8 240 mm mit 1 Kolbe und ABS mit Dopplef\u00fchrung<br \/>Vordere Gabel: Kayaba upside-down \u00d8 41 mm<br \/>Federweg vorne: 145 mm<br \/>Hintere Sto\u00dfd\u00e4mpfer: MonoShok, Federvorspannung einstellbar. Federweg: 155 mm<br \/>Reifen (vorne\/hinten): vorne: Metzeler Tourance 110\/80 R19 M\/C hinten: Metzeler Tourance 150\/70 R17 M\/C<br \/>Sitzh\u00f6he: 830 mm<br \/>Display: voll fabriges 7&#8243; LED , Navigation.<br \/>Tankinhalt: 16,5 Liter<br \/>Starter: E-Starter<br \/>Verbauch: 3.9L \/ 100km<br \/>Extras: Voll LED Beluchtung, USB Stecker, 12 Volt Stecker, einstellbare Brems- und Kupplungshebel<br \/>Fahrmodus: 2 Modi: E (Standard) und S (Sport)<br \/>Sicherheit: ABS (Anti Block System) und TCS (Traction Control System)<br \/>Windschild: 2 Stufen einstellbarer Windschild mit einen Handgriff<br \/>Gep\u00e4ckstr\u00e4ger: Nirost Gep\u00e4ckstr\u00e4ger serienm\u00e4\u00dfig!<br \/>In Aktion Aluminium Reisekofferset 3tlg. 2 Seitenkoffer aus Aluminium und 1 Hinterkoffer aus Aluminium kostenlos dazu!\u00a0<\/p>\t\t\t\t\t\t\t\t<\/div>\n\t\t\t\t<\/div>\n\t\t\t\t\t<\/div>\n\t\t\t\t<\/div>\n\t\t\t\t<\/div>\n\t\t","protected":false},"excerpt":{"rendered":"<p>Modell: Valico 525 DSX Preis inkl. Nova!!!Abmessungen: L\/B\/H: 2215\/840\/1365 mmLeergewicht: 190 kgMotor: Reihen 2-Zylinder 4-Taktmotor wassergek\u00fchlt mit Einspritzung (2&#215;4) 8 VentileGetriebe: 6 GangHubraum: 494 ccmLeistung: 35 Kw\/8500 Upm 50.5 NmH\u00f6chstgeschwindigkeit: 160 km\/hBremssystem vorne: NISSIN doppelte Scheibenbremse \u00f8 298 mm mit 2 KolbenBremssystem hinten: Nissin Scheibenbremse \u00f8 240 mm mit 1 Kolbe und ABS mit Dopplef\u00fchrungVordere [&hellip;]<\/p>\n","protected":false},"featured_media":14619,"comment_status":"open","ping_status":"closed","template":"","meta":[],"product_brand":[],"product_cat":[87,90],"product_tag":[],"class_list":{"0":"post-14726","1":"product","2":"type-product","3":"status-publish","4":"has-post-thumbnail","6":"product_cat-voge","7":"product_cat-voge-525ccm","9":"first","10":"onbackorder","11":"taxable","12":"shipping-taxable","13":"purchasable","14":"product-type-simple"},"_links":{"self":[{"href":"https:\/\/www.scooter-palace.at\/index.php?rest_route=\/wp\/v2\/product\/14726","targetHints":{"allow":["GET"]}}],"collection":[{"href":"https:\/\/www.scooter-palace.at\/index.php?rest_route=\/wp\/v2\/product"}],"about":[{"href":"https:\/\/www.scooter-palace.at\/index.php?rest_route=\/wp\/v2\/types\/product"}],"replies":[{"embeddable":true,"href":"https:\/\/www.scooter-palace.at\/index.php?rest_route=%2Fwp%2Fv2%2Fcomments&post=14726"}],"version-history":[{"count":15,"href":"https:\/\/www.scooter-palace.at\/index.php?rest_route=\/wp\/v2\/product\/14726\/revisions"}],"predecessor-version":[{"id":15411,"href":"https:\/\/www.scooter-palace.at\/index.php?rest_route=\/wp\/v2\/product\/14726\/revisions\/15411"}],"wp:featuredmedia":[{"embeddable":true,"href":"https:\/\/www.scooter-palace.at\/index.php?rest_route=\/wp\/v2\/media\/14619"}],"wp:attachment":[{"href":"https:\/\/www.scooter-palace.at\/index.php?rest_route=%2Fwp%2Fv2%2Fmedia&parent=14726"}],"wp:term":[{"taxonomy":"product_brand","embeddable":true,"href":"https:\/\/www.scooter-palace.at\/index.php?rest_route=%2Fwp%2Fv2%2Fproduct_brand&post=14726"},{"taxonomy":"product_cat","embeddable":true,"href":"https:\/\/www.scooter-palace.at\/index.php?rest_route=%2Fwp%2Fv2%2Fproduct_cat&post=14726"},{"taxonomy":"product_tag","embeddable":true,"href":"https:\/\/www.scooter-palace.at\/index.php?rest_route=%2Fwp%2Fv2%2Fproduct_tag&post=14726"}],"curies":[{"name":"wp","href":"https:\/\/api.w.org\/{rel}","templated":true}]}}