{"id":14730,"date":"2024-02-21T17:08:47","date_gmt":"2024-02-21T16:08:47","guid":{"rendered":"https:\/\/www.scooter-palace.at\/?post_type=product&#038;p=14730"},"modified":"2026-04-04T14:45:12","modified_gmt":"2026-04-04T13:45:12","slug":"voge-trofeo-350i-acx","status":"publish","type":"product","link":"https:\/\/www.scooter-palace.at\/?product=voge-trofeo-350i-acx","title":{"rendered":"VOGE TROFEO 350i ACX"},"content":{"rendered":"\t\t<div data-elementor-type=\"wp-post\" data-elementor-id=\"14730\" class=\"elementor elementor-14730\">\n\t\t\t\t<div class=\"elementor-element elementor-element-40a2f608 e-con-full e-flex e-con e-parent\" data-id=\"40a2f608\" data-element_type=\"container\" data-e-type=\"container\">\n\t\t\t\t<div class=\"elementor-element elementor-element-700f114 elementor-widget elementor-widget-text-editor\" data-id=\"700f114\" data-element_type=\"widget\" data-e-type=\"widget\" data-widget_type=\"text-editor.default\">\n\t\t\t\t<div class=\"elementor-widget-container\">\n\t\t\t\t\t\t\t\t\t<div>Modell Trofeo 350 ACX<\/div>\r\n<div>Abmessungen: L\/B\/H 2040\/789\/1085 mm<\/div>\r\n<div>Gewicht: 165 kg<\/div>\r\n<div>Motor: Reihen 2-Zylinder 4-Taktmotor wassergek\u00fchlt mit Einspritzung (2&#215;4) 8 Ventile<\/div>\r\n<div>Getriebe: 6 Gang<\/div>\r\n<div>Hubraum: 322 ccm<\/div>\r\n<div>Leistung: 30 Kw\/10500 Upm<\/div>\r\n<div>H\u00f6chstgeschwindigkeit: 160 km\/h<\/div>\r\n<div>Bremssystem vorne: NISSIN Scheibenbremse \u00f8 298 mm mit 2 Kolben ABS mit Doppelf\u00fchrung<\/div>\r\n<div>Bremssystem hinten: NISSIN Scheibenbremse \u00f8 240 mm mit 1 Kolbe und ABS mit Doppelf\u00fchrung<\/div>\r\n<div>Vordere Gabel: Upside-down\/\u00d841mm<\/div>\r\n<div>Federweg vorne: 115 mm<\/div>\r\n<div>Hintere Sto\u00dfd\u00e4mpfer: MonoShok, Federweg: 53 mm<\/div>\r\n<div>Reifen (vorne\/hinten): vorne:110\/70ZR17M\/C\u00a0 250\u00a0 \u00a0 hinten: 150\/60ZR17M\/C\u00a0 250<\/div>\r\n<div>Sitzh\u00f6he: 780 mm<\/div>\r\n<div>Display: voll fabriges 5&#8243; LCD<\/div>\r\n<div>Tankinhalt: 16,5 Liter<\/div>\r\n<div>Starter: E-Starter<\/div>\r\n<div>Verbauch: 3.9L \/ 100km<\/div>\r\n<div>Extras: Voll LED Beluchtung, USB Stecker, 12 Volt Stecker,\u00a0 Slide Kupplungshebel<\/div>\t\t\t\t\t\t\t\t<\/div>\n\t\t\t\t<\/div>\n\t\t\t\t<\/div>\n\t\t\t\t<\/div>\n\t\t","protected":false},"excerpt":{"rendered":"<p>Modell Trofeo 350 ACX Abmessungen: L\/B\/H 2040\/789\/1085 mm Gewicht: 165 kg Motor: Reihen 2-Zylinder 4-Taktmotor wassergek\u00fchlt mit Einspritzung (2&#215;4) 8 Ventile Getriebe: 6 Gang Hubraum: 322 ccm Leistung: 30 Kw\/10500 Upm H\u00f6chstgeschwindigkeit: 160 km\/h Bremssystem vorne: NISSIN Scheibenbremse \u00f8 298 mm mit 2 Kolben ABS mit Doppelf\u00fchrung Bremssystem hinten: NISSIN Scheibenbremse \u00f8 240 mm mit [&hellip;]<\/p>\n","protected":false},"featured_media":14616,"comment_status":"open","ping_status":"closed","template":"","meta":[],"product_brand":[],"product_cat":[87,89],"product_tag":[],"class_list":{"0":"post-14730","1":"product","2":"type-product","3":"status-publish","4":"has-post-thumbnail","6":"product_cat-voge","7":"product_cat-voge-350ccm","9":"first","10":"outofstock","11":"taxable","12":"shipping-taxable","13":"purchasable","14":"product-type-simple"},"_links":{"self":[{"href":"https:\/\/www.scooter-palace.at\/index.php?rest_route=\/wp\/v2\/product\/14730","targetHints":{"allow":["GET"]}}],"collection":[{"href":"https:\/\/www.scooter-palace.at\/index.php?rest_route=\/wp\/v2\/product"}],"about":[{"href":"https:\/\/www.scooter-palace.at\/index.php?rest_route=\/wp\/v2\/types\/product"}],"replies":[{"embeddable":true,"href":"https:\/\/www.scooter-palace.at\/index.php?rest_route=%2Fwp%2Fv2%2Fcomments&post=14730"}],"version-history":[{"count":13,"href":"https:\/\/www.scooter-palace.at\/index.php?rest_route=\/wp\/v2\/product\/14730\/revisions"}],"predecessor-version":[{"id":14782,"href":"https:\/\/www.scooter-palace.at\/index.php?rest_route=\/wp\/v2\/product\/14730\/revisions\/14782"}],"wp:featuredmedia":[{"embeddable":true,"href":"https:\/\/www.scooter-palace.at\/index.php?rest_route=\/wp\/v2\/media\/14616"}],"wp:attachment":[{"href":"https:\/\/www.scooter-palace.at\/index.php?rest_route=%2Fwp%2Fv2%2Fmedia&parent=14730"}],"wp:term":[{"taxonomy":"product_brand","embeddable":true,"href":"https:\/\/www.scooter-palace.at\/index.php?rest_route=%2Fwp%2Fv2%2Fproduct_brand&post=14730"},{"taxonomy":"product_cat","embeddable":true,"href":"https:\/\/www.scooter-palace.at\/index.php?rest_route=%2Fwp%2Fv2%2Fproduct_cat&post=14730"},{"taxonomy":"product_tag","embeddable":true,"href":"https:\/\/www.scooter-palace.at\/index.php?rest_route=%2Fwp%2Fv2%2Fproduct_tag&post=14730"}],"curies":[{"name":"wp","href":"https:\/\/api.w.org\/{rel}","templated":true}]}}