{"id":14738,"date":"2024-02-21T17:14:03","date_gmt":"2024-02-21T16:14:03","guid":{"rendered":"https:\/\/www.scooter-palace.at\/?post_type=product&#038;p=14738"},"modified":"2026-04-25T01:22:19","modified_gmt":"2026-04-25T00:22:19","slug":"voge-sr1-125i-abs-grau","status":"publish","type":"product","link":"https:\/\/www.scooter-palace.at\/?product=voge-sr1-125i-abs-grau","title":{"rendered":"VOGE SR1 125i ABS grau"},"content":{"rendered":"\t\t<div data-elementor-type=\"wp-post\" data-elementor-id=\"14738\" class=\"elementor elementor-14738\">\n\t\t\t\t<div class=\"elementor-element elementor-element-d8b59a1 e-con-full e-flex e-con e-parent\" data-id=\"d8b59a1\" data-element_type=\"container\" data-e-type=\"container\">\n\t\t\t\t<div class=\"elementor-element elementor-element-5b5fb177 elementor-widget elementor-widget-text-editor\" data-id=\"5b5fb177\" data-element_type=\"widget\" data-e-type=\"widget\" data-widget_type=\"text-editor.default\">\n\t\t\t\t<div class=\"elementor-widget-container\">\n\t\t\t\t\t\t\t\t\t<div>Modell SR1 125i ABS<\/div>\r\n<div>Abmessungen: L\/B\/H: 1945\/740\/1265 mm<\/div>\r\n<div>Gewicht: 139 kg<\/div>\r\n<div>Motor: 1-Zylinder 4-Taktmotor wassergek\u00fchlt mit Einspritzung 4 Ventile<\/div>\r\n<div>Getriebe: Automatik<\/div>\r\n<div>Hubraum: 125 cc<\/div>\r\n<div>Leistung: 8,5 Kw\/8500 Upm<\/div>\r\n<div>H\u00f6chstgeschwindigkeit: 100 km\/h<\/div>\r\n<div>Bremssystem vorne: Scheibenbremse \u00f8 240 mm mit 4 Kolben schwimmende Scheibe ABS mit Doppelf\u00fchrung<\/div>\r\n<div>Bremssystem hinten: JJUAN Scheibenbremse \u00f8 220 mm mit 2 Kolben ABS mit Doppelf\u00fchrung<\/div>\r\n<div>Vordere Gabel: KAYABA KYB Teleskop \u00f8 31 mm<\/div>\r\n<div>Federweg vorne: 93 mm<\/div>\r\n<div>Hintere Sto\u00dfd\u00e4mpfer: Monoshock mit Federweg 103 mm<\/div>\r\n<div>Reifen (vorne\/hinten): vorne: 110\/70-14\u00a0 \u00a0hinten: 130\/70-13<\/div>\r\n<div>Sitzh\u00f6he: 775 mm<\/div>\r\n<div>Display: voll fabriges 7&#8243; LCD<\/div>\r\n<div>Tankinhalt: 8 Liter<\/div>\r\n<div>Starter: E-Starter<\/div>\r\n<div>Verbauch: 2.7L \/ 100km<\/div>\r\n<div>Windschild: 2 Stufen einstellbarer Windschild mit einen Handgriff<\/div>\r\n<div>Sicherheit: ABS (Anti Block System) und TCS (Traction Control System)<\/div>\r\n<div>Extras: Voll LED Beluchtung, Keyless Starter, Fernsuche, Alarmanlage, HD DASHCAM<\/div>\t\t\t\t\t\t\t\t<\/div>\n\t\t\t\t<\/div>\n\t\t\t\t<\/div>\n\t\t\t\t<\/div>\n\t\t","protected":false},"excerpt":{"rendered":"<p>Modell SR1 125i ABS Abmessungen: L\/B\/H: 1945\/740\/1265 mm Gewicht: 139 kg Motor: 1-Zylinder 4-Taktmotor wassergek\u00fchlt mit Einspritzung 4 Ventile Getriebe: Automatik Hubraum: 125 cc Leistung: 8,5 Kw\/8500 Upm H\u00f6chstgeschwindigkeit: 100 km\/h Bremssystem vorne: Scheibenbremse \u00f8 240 mm mit 4 Kolben schwimmende Scheibe ABS mit Doppelf\u00fchrung Bremssystem hinten: JJUAN Scheibenbremse \u00f8 220 mm mit 2 Kolben [&hellip;]<\/p>\n","protected":false},"featured_media":14625,"comment_status":"open","ping_status":"closed","template":"","meta":[],"product_brand":[],"product_cat":[87,88],"product_tag":[],"class_list":{"0":"post-14738","1":"product","2":"type-product","3":"status-publish","4":"has-post-thumbnail","6":"product_cat-voge","7":"product_cat-voge-125ccm","8":"product_shipping_class-moped","10":"first","11":"onbackorder","12":"taxable","13":"shipping-taxable","14":"purchasable","15":"product-type-simple"},"_links":{"self":[{"href":"https:\/\/www.scooter-palace.at\/index.php?rest_route=\/wp\/v2\/product\/14738","targetHints":{"allow":["GET"]}}],"collection":[{"href":"https:\/\/www.scooter-palace.at\/index.php?rest_route=\/wp\/v2\/product"}],"about":[{"href":"https:\/\/www.scooter-palace.at\/index.php?rest_route=\/wp\/v2\/types\/product"}],"replies":[{"embeddable":true,"href":"https:\/\/www.scooter-palace.at\/index.php?rest_route=%2Fwp%2Fv2%2Fcomments&post=14738"}],"version-history":[{"count":10,"href":"https:\/\/www.scooter-palace.at\/index.php?rest_route=\/wp\/v2\/product\/14738\/revisions"}],"predecessor-version":[{"id":14752,"href":"https:\/\/www.scooter-palace.at\/index.php?rest_route=\/wp\/v2\/product\/14738\/revisions\/14752"}],"wp:featuredmedia":[{"embeddable":true,"href":"https:\/\/www.scooter-palace.at\/index.php?rest_route=\/wp\/v2\/media\/14625"}],"wp:attachment":[{"href":"https:\/\/www.scooter-palace.at\/index.php?rest_route=%2Fwp%2Fv2%2Fmedia&parent=14738"}],"wp:term":[{"taxonomy":"product_brand","embeddable":true,"href":"https:\/\/www.scooter-palace.at\/index.php?rest_route=%2Fwp%2Fv2%2Fproduct_brand&post=14738"},{"taxonomy":"product_cat","embeddable":true,"href":"https:\/\/www.scooter-palace.at\/index.php?rest_route=%2Fwp%2Fv2%2Fproduct_cat&post=14738"},{"taxonomy":"product_tag","embeddable":true,"href":"https:\/\/www.scooter-palace.at\/index.php?rest_route=%2Fwp%2Fv2%2Fproduct_tag&post=14738"}],"curies":[{"name":"wp","href":"https:\/\/api.w.org\/{rel}","templated":true}]}}